{"id":19345,"date":"2023-05-19T08:46:16","date_gmt":"2023-05-19T06:46:16","guid":{"rendered":"http:\/\/anonuem.eu.w01eeaad.kasserver.com\/conditions-generales-de-vente\/"},"modified":"2024-02-19T13:27:58","modified_gmt":"2024-02-19T11:27:58","slug":"conditions-generales-de-vente","status":"publish","type":"page","link":"https:\/\/anonuem.eu\/fr\/conditions-generales-de-vente\/","title":{"rendered":"CONDITIONS G\u00c9N\u00c9RALES DE VENTE"},"content":{"rendered":"\t\t<div data-elementor-type=\"wp-page\" data-elementor-id=\"19345\" class=\"elementor elementor-19345 elementor-15636\" data-elementor-post-type=\"page\">\n\t\t\t\t\t\t<section class=\"wd-negative-gap elementor-section elementor-top-section elementor-element elementor-element-60d9899 elementor-section-boxed elementor-section-height-default elementor-section-height-default\" data-id=\"60d9899\" data-element_type=\"section\" data-e-type=\"section\">\n\t\t\t\t\t\t<div class=\"elementor-container elementor-column-gap-default\">\n\t\t\t\t\t<div class=\"elementor-column elementor-col-100 elementor-top-column elementor-element elementor-element-7e7effe\" data-id=\"7e7effe\" data-element_type=\"column\" data-e-type=\"column\">\n\t\t\t<div class=\"elementor-widget-wrap elementor-element-populated\">\n\t\t\t\t\t\t<div class=\"elementor-element elementor-element-26c2022 elementor-widget elementor-widget-spacer\" data-id=\"26c2022\" data-element_type=\"widget\" data-e-type=\"widget\" data-widget_type=\"spacer.default\">\n\t\t\t\t<div class=\"elementor-widget-container\">\n\t\t\t\t\t\t\t<div class=\"elementor-spacer\">\n\t\t\t<div class=\"elementor-spacer-inner\"><\/div>\n\t\t<\/div>\n\t\t\t\t\t\t<\/div>\n\t\t\t\t<\/div>\n\t\t\t\t\t<\/div>\n\t\t<\/div>\n\t\t\t\t\t<\/div>\n\t\t<\/section>\n\t\t\t\t<section class=\"wd-negative-gap elementor-section elementor-top-section elementor-element elementor-element-beab95e elementor-section-boxed elementor-section-height-default elementor-section-height-default\" data-id=\"beab95e\" data-element_type=\"section\" data-e-type=\"section\">\n\t\t\t\t\t\t<div class=\"elementor-container elementor-column-gap-default\">\n\t\t\t\t\t<div class=\"elementor-column elementor-col-100 elementor-top-column elementor-element elementor-element-1da4686\" data-id=\"1da4686\" data-element_type=\"column\" data-e-type=\"column\">\n\t\t\t<div class=\"elementor-widget-wrap elementor-element-populated\">\n\t\t\t\t\t\t<div class=\"elementor-element elementor-element-158eee3 color-scheme-inherit text-left elementor-widget elementor-widget-text-editor\" data-id=\"158eee3\" data-element_type=\"widget\" data-e-type=\"widget\" data-widget_type=\"text-editor.default\">\n\t\t\t\t<div class=\"elementor-widget-container\">\n\t\t\t\t\t\t\t\t\t<p>Conditions g\u00e9n\u00e9rales de vente et informations aux consommateurs dans le cadre de contrats de vente conclus via la boutique en ligne entre ANONUEM Mix &#8211; ci-apr\u00e8s d\u00e9nomm\u00e9 \u00ab\u00a0le fournisseur\u00a0\u00bb &#8211; et le client &#8211; ci-apr\u00e8s d\u00e9nomm\u00e9 \u00ab\u00a0le client\u00a0\u00bb.<\/p>\n<p><strong>\u00a7 1 Champ d&rsquo;application et remarques g\u00e9n\u00e9rales<\/strong><\/p>\n<p>(1) Sous r\u00e9serve d&rsquo;accords et de conventions individuels qui pr\u00e9valent sur les pr\u00e9sentes CGV, la relation commerciale entre le fournisseur et le client est exclusivement r\u00e9gie par les conditions g\u00e9n\u00e9rales de vente suivantes dans leur version en vigueur au moment de la commande. Les conditions g\u00e9n\u00e9rales de vente contraires du client ne sont express\u00e9ment pas applicables, \u00e0 moins que le fournisseur n&rsquo;accepte express\u00e9ment leur validit\u00e9 par \u00e9crit.<\/p>\n<p>(2) Le client est un consommateur dans la mesure o\u00f9 l&rsquo;objectif des livraisons et prestations command\u00e9es ne peut pas \u00eatre imput\u00e9 \u00e0 son activit\u00e9 professionnelle commerciale ou ind\u00e9pendante. En revanche, est entrepreneur toute personne physique ou morale ou soci\u00e9t\u00e9 de personnes ayant la capacit\u00e9 juridique qui, lors de la conclusion du contrat, agit dans l&rsquo;exercice de son activit\u00e9 professionnelle commerciale ou ind\u00e9pendante.<\/p>\n<p><strong>\u00a7 2 Conclusion du contrat<\/strong><\/p>\n<p>(1) Toutes les offres figurant dans la boutique en ligne du fournisseur ne constituent qu&rsquo;une invitation non contraignante pour le client \u00e0 soumettre une offre d&rsquo;achat correspondante au fournisseur. D\u00e8s que le fournisseur a re\u00e7u la commande du client, ce dernier re\u00e7oit tout d&rsquo;abord une confirmation de sa commande aupr\u00e8s du fournisseur, en g\u00e9n\u00e9ral par e-mail (confirmation de commande). Cela ne constitue pas encore une acceptation de la commande. Apr\u00e8s r\u00e9ception de sa commande, le fournisseur la v\u00e9rifiera rapidement et informera le client dans un d\u00e9lai de 2 jours ouvrables s&rsquo;il accepte la commande (confirmation de commande). Aucun contrat n&rsquo;est conclu si le client ne re\u00e7oit pas de confirmation de commande dans un d\u00e9lai de 2 jours ouvrables. Le processus de commande dans la boutique en ligne du fournisseur fonctionne comme suit :<\/p>\n<p>(2) Le client peut choisir des produits dans l&rsquo;assortiment du fournisseur et les rassembler dans ce que l&rsquo;on appelle un panier en cliquant sur le bouton \u00ab\u00a0ajouter au panier\u00a0\u00bb. En cliquant sur le bouton \u00ab\u00a0Envoyer la commande\u00a0\u00bb, il fait une demande ferme d&rsquo;achat des marchandises se trouvant dans le panier. Avant d&rsquo;envoyer sa commande, le client peut modifier et consulter ses donn\u00e9es \u00e0 tout moment. La demande ne peut toutefois \u00eatre soumise et transmise que si le client a accept\u00e9 les pr\u00e9sentes conditions contractuelles en cliquant sur le bouton \u00ab\u00a0Accepter les CGV\u00a0\u00bb et les a ainsi int\u00e9gr\u00e9es dans sa demande.<\/p>\n<p>(3) Le fournisseur envoie ensuite au client un accus\u00e9 de r\u00e9ception automatique par e-mail, dans lequel la commande du client est \u00e0 nouveau mentionn\u00e9e et que le client peut imprimer via la fonction \u00ab\u00a0Imprimer\u00a0\u00bb. L&rsquo;accus\u00e9 de r\u00e9ception automatique documente uniquement la r\u00e9ception de la commande du client par le fournisseur et ne constitue pas une acceptation de la demande. Le contrat n&rsquo;est conclu que par la remise d&rsquo;une d\u00e9claration d&rsquo;acceptation par le fournisseur, qui est envoy\u00e9e par un e-mail s\u00e9par\u00e9.<\/p>\n<p><strong>\u00a7 3 Objet du contrat, qualit\u00e9, livraison, disponibilit\u00e9 de la marchandise<\/strong><\/p>\n<p>(1) L&rsquo;objet du contrat est constitu\u00e9 par les produits sp\u00e9cifi\u00e9s par le client dans le cadre de la commande et conformes \u00e0 la description de la commande.<br \/>et\/ou la confirmation de commande, aux prix finaux indiqu\u00e9s dans la boutique en ligne. Sous r\u00e9serve d&rsquo;erreurs et d&rsquo;omissions, notamment en ce qui concerne le contenu. en ce qui concerne la disponibilit\u00e9 des marchandises.<\/p>\n<p>(2) La qualit\u00e9 des marchandises command\u00e9es r\u00e9sulte des descriptions de produits dans la boutique en ligne. Les illustrations sur le site Internet peuvent ne pas refl\u00e9ter fid\u00e8lement les produits, en particulier en ce qui concerne les produits de la marque. Les couleurs peuvent varier consid\u00e9rablement pour des raisons techniques. Les images ne sont fournies qu&rsquo;\u00e0 titre indicatif et peuvent diff\u00e9rer du produit. Les donn\u00e9es techniques, le poids, les dimensions et la description des prestations sont indiqu\u00e9s aussi pr\u00e9cis\u00e9ment que possible, mais peuvent pr\u00e9senter les \u00e9carts habituels. Les caract\u00e9ristiques d\u00e9crites ici ne constituent pas des d\u00e9fauts des produits livr\u00e9s par le fournisseur.<\/p>\n<p>(3) Si, au moment o\u00f9 le client passe sa commande, aucun exemplaire du produit qu&rsquo;il a choisi n&rsquo;est disponible, le fournisseur en informe le client dans la confirmation de commande. Si le produit n&rsquo;est durablement pas disponible, le fournisseur s&rsquo;abstient de faire une d\u00e9claration d&rsquo;acceptation. Dans ce cas, aucun contrat n&rsquo;est conclu.<\/p>\n<p>(4) Si le produit d\u00e9sign\u00e9 par le client dans la commande n&rsquo;est que temporairement indisponible, le fournisseur en informe \u00e9galement le client sans d\u00e9lai dans la confirmation de commande. En cas de retard de livraison de plus de deux semaines, le client a le droit de r\u00e9silier le contrat. Par ailleurs, dans ce cas, le fournisseur est lui aussi en droit de r\u00e9silier le contrat. Dans ce cas, il remboursera imm\u00e9diatement les paiements \u00e9ventuellement d\u00e9j\u00e0 effectu\u00e9s par le client.<\/p>\n<p><strong>\u00a7 4 R\u00e9serve de propri\u00e9t\u00e9<\/strong><\/p>\n<p>Jusqu&rsquo;au paiement complet, les marchandises livr\u00e9es restent la propri\u00e9t\u00e9 du fournisseur.<\/p>\n<p>\u00a7 5 Livraison, prix, frais d&rsquo;exp\u00e9dition<\/p>\n<p>(1) La livraison (livraison \u00e0 l&rsquo;entreprise d&rsquo;exp\u00e9dition) a lieu imm\u00e9diatement apr\u00e8s r\u00e9ception de l&rsquo;argent (en cas de mode de paiement par virement), sinon imm\u00e9diatement apr\u00e8s l&rsquo;envoi de la confirmation de commande.<\/p>\n<p>(2) Les frais d&rsquo;exp\u00e9dition correspondants sont indiqu\u00e9s au client dans le formulaire de commande et sont \u00e0 la charge du client. \u00c0 partir d&rsquo;un montant de commande de 85,00 EUR, le fournisseur livre le client sans frais de port.<\/p>\n<p>(3) L&rsquo;envoi de la marchandise se fait par la poste. La marchandise est envoy\u00e9e exclusivement sous forme d&rsquo;assurance.<\/p>\n<p><strong>\u00a7 6 Modalit\u00e9s de paiement<\/strong><\/p>\n<p>(1) Le client peut effectuer le paiement par paiement anticip\u00e9, par carte de cr\u00e9dit ou par Paypal.<\/p>\n<p>(2) Le paiement du prix d&rsquo;achat est exigible imm\u00e9diatement \u00e0 la conclusion du contrat.<\/p>\n<p><strong>\u00a7 7 Garantie contre les d\u00e9fauts mat\u00e9riels, garantie<\/strong><\/p>\n<p>(1) Le fournisseur est responsable des d\u00e9fauts mat\u00e9riels conform\u00e9ment aux dispositions l\u00e9gales applicables en la mati\u00e8re, notamment les articles 434 et suivants du Code civil allemand (BGB).<\/p>\n<p>(2) Une garantie n&rsquo;existe pour les marchandises livr\u00e9es par le fournisseur que si elle a \u00e9t\u00e9 express\u00e9ment donn\u00e9e dans la confirmation de commande de l&rsquo;article concern\u00e9.<\/p>\n<p><strong>\u00a7 8 Responsabilit\u00e9<\/strong><\/p>\n<p>(1) Les droits du client \u00e0 des dommages et int\u00e9r\u00eats sont exclus. En sont exclues les demandes de dommages et int\u00e9r\u00eats du client r\u00e9sultant d&rsquo;une atteinte \u00e0 la vie, \u00e0 l&rsquo;int\u00e9grit\u00e9 physique, \u00e0 la sant\u00e9 ou d&rsquo;une violation d&rsquo;obligations contractuelles essentielles (obligations cardinales) ainsi que la responsabilit\u00e9 pour d&rsquo;autres dommages r\u00e9sultant d&rsquo;une violation intentionnelle ou par n\u00e9gligence grave des obligations du fournisseur, de ses repr\u00e9sentants l\u00e9gaux ou de ses auxiliaires d&rsquo;ex\u00e9cution.<\/p>\n<p>(2) En cas de violation d&rsquo;obligations contractuelles essentielles au sens du paragraphe 1, le fournisseur n&rsquo;est responsable que des dommages pr\u00e9visibles et typiques du contrat, si ceux-ci ont \u00e9t\u00e9 caus\u00e9s par une simple n\u00e9gligence, \u00e0 moins qu&rsquo;il ne s&rsquo;agisse de droits \u00e0 dommages et int\u00e9r\u00eats du client r\u00e9sultant d&rsquo;une atteinte \u00e0 la vie, \u00e0 l&rsquo;int\u00e9grit\u00e9 physique ou \u00e0 la sant\u00e9.<\/p>\n<p>(3) Les obligations contractuelles essentielles au sens du paragraphe 1 sont la responsabilit\u00e9 pour la violation d&rsquo;obligations dont l&rsquo;ex\u00e9cution permet la bonne ex\u00e9cution du contrat et dont le client peut r\u00e9guli\u00e8rement attendre le respect.<\/p>\n<p>(4) Les restrictions des paragraphes 1 et 2 s&rsquo;appliquent \u00e9galement en faveur des repr\u00e9sentants l\u00e9gaux et des auxiliaires d&rsquo;ex\u00e9cution du fournisseur, si des droits sont revendiqu\u00e9s directement contre eux.<\/p>\n<p>(5) Il n&rsquo;est pas d\u00e9rog\u00e9 aux dispositions de la loi sur la responsabilit\u00e9 du fait des produits.<\/p>\n<p><strong>\u00a7 9 Remarques sur le traitement des donn\u00e9es<\/strong><\/p>\n<p>(1) Le fournisseur collecte les donn\u00e9es du client dans le cadre de l&rsquo;ex\u00e9cution des contrats. Il respecte \u00e0 cet \u00e9gard les dispositions l\u00e9gales. Sans l&rsquo;accord du client, le fournisseur ne collectera, traitera ou utilisera les donn\u00e9es de base et les donn\u00e9es d&rsquo;utilisation du client que dans la mesure o\u00f9 cela est n\u00e9cessaire pour l&rsquo;ex\u00e9cution du contrat et pour l&rsquo;utilisation et la facturation des t\u00e9l\u00e9services.<\/p>\n<p>(2) Sans l&rsquo;accord du client, le fournisseur n&rsquo;utilisera pas les donn\u00e9es du client \u00e0 des fins de publicit\u00e9, d&rsquo;\u00e9tude de march\u00e9 ou d&rsquo;opinion.<\/p>\n<p>(3) Le client a \u00e0 tout moment la possibilit\u00e9 de consulter les donn\u00e9es qu&rsquo;il a enregistr\u00e9es en cliquant sur le bouton \u00ab\u00a0Mes donn\u00e9es\u00a0\u00bb de son profil, de modifier ou de supprimer ce dernier. Par ailleurs, en ce qui concerne les consentements du client et les autres informations relatives \u00e0 la collecte, au traitement et \u00e0 l&rsquo;utilisation des donn\u00e9es, il est renvoy\u00e9 \u00e0 la d\u00e9claration de protection des donn\u00e9es, qui peut \u00eatre consult\u00e9e \u00e0 tout moment sur le site web du fournisseur sous forme imprimable en cliquant sur le bouton \u00ab\u00a0Protection des donn\u00e9es\u00a0\u00bb.<\/p>\n<p><strong>\u00a7 10 Dispositions finales<\/strong><\/p>\n<p>(1) Le droit de la R\u00e9publique f\u00e9d\u00e9rale d&rsquo;Allemagne s&rsquo;applique aux contrats entre le fournisseur et les clients, \u00e0 l&rsquo;exclusion de la Convention des Nations Unies sur les contrats de vente internationale de marchandises.<\/p>\n<p>(2) Dans la mesure o\u00f9 le client est un commer\u00e7ant, une personne morale de droit public ou un fonds sp\u00e9cial de droit public, le tribunal comp\u00e9tent pour tous les litiges r\u00e9sultant des relations contractuelles entre le client et le fournisseur est celui du si\u00e8ge du fournisseur.<\/p>\n<p>(3) M\u00eame si certains points du contrat sont juridiquement inefficaces, les autres parties du contrat restent obligatoires.<\/p>\n<p>Source : Avocat Metzler &#8211; Rechtsanwalt f\u00fcr<br \/>Droit de la concurrence, droit des marques et droit de l&rsquo;Internet<\/p>\n\t\t\t\t\t\t\t\t<\/div>\n\t\t\t\t<\/div>\n\t\t\t\t\t<\/div>\n\t\t<\/div>\n\t\t\t\t\t<\/div>\n\t\t<\/section>\n\t\t\t\t<\/div>\n\t\t","protected":false},"excerpt":{"rendered":"<p>Conditions g\u00e9n\u00e9rales de vente et informations aux consommateurs dans le cadre de contrats de vente conclus via la boutique en<\/p>\n","protected":false},"author":2,"featured_media":0,"parent":0,"menu_order":0,"comment_status":"closed","ping_status":"closed","template":"","meta":{"iawp_total_views":3,"footnotes":""},"class_list":["post-19345","page","type-page","status-publish","hentry"],"_links":{"self":[{"href":"https:\/\/anonuem.eu\/fr\/wp-json\/wp\/v2\/pages\/19345","targetHints":{"allow":["GET"]}}],"collection":[{"href":"https:\/\/anonuem.eu\/fr\/wp-json\/wp\/v2\/pages"}],"about":[{"href":"https:\/\/anonuem.eu\/fr\/wp-json\/wp\/v2\/types\/page"}],"author":[{"embeddable":true,"href":"https:\/\/anonuem.eu\/fr\/wp-json\/wp\/v2\/users\/2"}],"replies":[{"embeddable":true,"href":"https:\/\/anonuem.eu\/fr\/wp-json\/wp\/v2\/comments?post=19345"}],"version-history":[{"count":2,"href":"https:\/\/anonuem.eu\/fr\/wp-json\/wp\/v2\/pages\/19345\/revisions"}],"predecessor-version":[{"id":19376,"href":"https:\/\/anonuem.eu\/fr\/wp-json\/wp\/v2\/pages\/19345\/revisions\/19376"}],"wp:attachment":[{"href":"https:\/\/anonuem.eu\/fr\/wp-json\/wp\/v2\/media?parent=19345"}],"curies":[{"name":"wp","href":"https:\/\/api.w.org\/{rel}","templated":true}]}}