{"id":19357,"date":"2023-05-31T21:40:06","date_gmt":"2023-05-31T19:40:06","guid":{"rendered":"http:\/\/anonuem.eu.w01eeaad.kasserver.com\/protection-des-donnees\/"},"modified":"2024-02-19T13:28:03","modified_gmt":"2024-02-19T11:28:03","slug":"protection-des-donnees","status":"publish","type":"page","link":"https:\/\/anonuem.eu\/fr\/protection-des-donnees\/","title":{"rendered":"Protection des donn\u00e9es"},"content":{"rendered":"\t\t<div data-elementor-type=\"wp-page\" data-elementor-id=\"19357\" class=\"elementor elementor-19357 elementor-15909\" data-elementor-post-type=\"page\">\n\t\t\t\t\t\t<section class=\"wd-negative-gap elementor-section elementor-top-section elementor-element elementor-element-60d9899 elementor-section-boxed elementor-section-height-default elementor-section-height-default\" data-id=\"60d9899\" data-element_type=\"section\" data-e-type=\"section\">\n\t\t\t\t\t\t<div class=\"elementor-container elementor-column-gap-default\">\n\t\t\t\t\t<div class=\"elementor-column elementor-col-100 elementor-top-column elementor-element elementor-element-7e7effe\" data-id=\"7e7effe\" data-element_type=\"column\" data-e-type=\"column\">\n\t\t\t<div class=\"elementor-widget-wrap elementor-element-populated\">\n\t\t\t\t\t\t<div class=\"elementor-element elementor-element-26c2022 elementor-widget elementor-widget-spacer\" data-id=\"26c2022\" data-element_type=\"widget\" data-e-type=\"widget\" data-widget_type=\"spacer.default\">\n\t\t\t\t<div class=\"elementor-widget-container\">\n\t\t\t\t\t\t\t<div class=\"elementor-spacer\">\n\t\t\t<div class=\"elementor-spacer-inner\"><\/div>\n\t\t<\/div>\n\t\t\t\t\t\t<\/div>\n\t\t\t\t<\/div>\n\t\t\t\t\t<\/div>\n\t\t<\/div>\n\t\t\t\t\t<\/div>\n\t\t<\/section>\n\t\t\t\t<section class=\"wd-negative-gap elementor-section elementor-top-section elementor-element elementor-element-beab95e elementor-section-boxed elementor-section-height-default elementor-section-height-default\" data-id=\"beab95e\" data-element_type=\"section\" data-e-type=\"section\">\n\t\t\t\t\t\t<div class=\"elementor-container elementor-column-gap-default\">\n\t\t\t\t\t<div class=\"elementor-column elementor-col-100 elementor-top-column elementor-element elementor-element-1da4686\" data-id=\"1da4686\" data-element_type=\"column\" data-e-type=\"column\">\n\t\t\t<div class=\"elementor-widget-wrap elementor-element-populated\">\n\t\t\t\t\t\t<div class=\"elementor-element elementor-element-158eee3 color-scheme-inherit text-left elementor-widget elementor-widget-text-editor\" data-id=\"158eee3\" data-element_type=\"widget\" data-e-type=\"widget\" data-widget_type=\"text-editor.default\">\n\t\t\t\t<div class=\"elementor-widget-container\">\n\t\t\t\t\t\t\t\t\t<p><strong>Le service responsable au sens des lois sur la protection des donn\u00e9es, en particulier du r\u00e8glement g\u00e9n\u00e9ral sur la protection des donn\u00e9es (RGPD) de l&rsquo;UE, est :<\/strong><\/p>\n<p>M\u00e9lange ANONUEM<br \/>Rue de la Croix 22<br \/>9100 Herisau<br \/>Suisse<\/p>\n<p>Courrier \u00e9lectronique : info@anonuem.net<br \/>Site web : https:\/\/anonuem.net<\/p>\n<p><strong>Traitement des commandes dans la boutique en ligne avec compte client<\/strong><br \/>Nous traitons les donn\u00e9es de nos clients conform\u00e9ment \u00e0 l&rsquo;art. aux dispositions f\u00e9d\u00e9rales en mati\u00e8re de protection des donn\u00e9es (loi sur la protection des donn\u00e9es, LPD) et au RGPD de l&rsquo;UE, dans le cadre des processus de commande dans notre boutique en ligne, afin de leur permettre de choisir et de commander les produits et prestations choisis, ainsi que leur paiement et leur livraison, ou leur ex\u00e9cution.<\/p>\n<p>Les donn\u00e9es trait\u00e9es comprennent les donn\u00e9es de base (donn\u00e9es d&rsquo;inventaire), les donn\u00e9es de communication, les donn\u00e9es contractuelles, les donn\u00e9es de paiement et les personnes concern\u00e9es par le traitement sont nos clients, les personnes int\u00e9ress\u00e9es et les autres partenaires commerciaux. Le traitement est effectu\u00e9 dans le but de fournir des prestations contractuelles dans le cadre de l&rsquo;exploitation d&rsquo;une boutique en ligne, de la facturation, de la livraison et des services \u00e0 la client\u00e8le. Nous utilisons \u00e0 cet effet des cookies de session, par exemple pour enregistrer le contenu du panier d&rsquo;achat, et des cookies permanents, par exemple pour enregistrer le statut de connexion.<\/p>\n<p>Le traitement est effectu\u00e9 sur la base de l&rsquo;art. 6 al. 1 lit. b (ex\u00e9cution des processus de commande) et c (archivage l\u00e9galement requis) RGPD. Dans ce contexte, les informations marqu\u00e9es comme n\u00e9cessaires sont requises pour la justification et l&rsquo;ex\u00e9cution du contrat. Nous ne divulguons les donn\u00e9es \u00e0 des tiers que dans le cadre de la livraison, du paiement ou dans le cadre des autorisations et obligations l\u00e9gales. Les donn\u00e9es ne sont trait\u00e9es dans des pays tiers que si cela est n\u00e9cessaire \u00e0 l&rsquo;ex\u00e9cution du contrat (par exemple, \u00e0 la demande du client lors de la livraison ou du paiement).<\/p>\n<p>Les utilisateurs peuvent, en option, cr\u00e9er un compte d&rsquo;utilisateur dans lequel ils peuvent notamment consulter leurs commandes. Dans le cadre de l&rsquo;enregistrement, les donn\u00e9es obligatoires n\u00e9cessaires sont communiqu\u00e9es aux utilisateurs. Les comptes d&rsquo;utilisateurs ne sont pas publics et ne peuvent pas \u00eatre index\u00e9s par les moteurs de recherche, par exemple Google. Lorsque les utilisateurs r\u00e9silient leur compte utilisateur, leurs donn\u00e9es relatives \u00e0 ce compte sont supprim\u00e9es, sous r\u00e9serve que leur conservation soit n\u00e9cessaire pour des raisons commerciales ou fiscales. Art. 6 al. 1 lit. c du RGPD est n\u00e9cessaire. Les donn\u00e9es du compte client restent en m\u00e9moire jusqu&rsquo;\u00e0 leur suppression, suivie d&rsquo;un archivage en cas d&rsquo;obligation l\u00e9gale. Il incombe aux utilisateurs de sauvegarder leurs donn\u00e9es en cas de r\u00e9siliation avant la fin du contrat.<\/p>\n<p>Dans le cadre de l&rsquo;enregistrement et des nouvelles inscriptions ainsi que de l&rsquo;utilisation de nos services en ligne, nous enregistrons l&rsquo;adresse IP et le moment de l&rsquo;action de l&rsquo;utilisateur. Le stockage est effectu\u00e9 sur la base de nos int\u00e9r\u00eats l\u00e9gitimes, ainsi que de ceux des utilisateurs en mati\u00e8re de protection contre les abus et autres utilisations non autoris\u00e9es. Ces donn\u00e9es ne sont en principe pas transmises \u00e0 des tiers, sauf si elles sont n\u00e9cessaires \u00e0 la poursuite de nos pr\u00e9tentions ou s&rsquo;il existe une obligation l\u00e9gale \u00e0 cet effet conform\u00e9ment \u00e0 l&rsquo;article L. 121-1 du Code de la consommation. Art. 6 al. 1 lit. c du RGPD.<\/p>\n<p>La suppression a lieu apr\u00e8s l&rsquo;expiration des obligations l\u00e9gales de garantie et des obligations comparables ; la n\u00e9cessit\u00e9 de conserver les donn\u00e9es est v\u00e9rifi\u00e9e \u00e0 intervalles irr\u00e9guliers. Dans le cas des obligations l\u00e9gales d&rsquo;archivage, la suppression a lieu apr\u00e8s leur expiration.<\/p>\n<p>Modifications<br \/>Nous pouvons modifier cette d\u00e9claration de confidentialit\u00e9 \u00e0 tout moment et sans pr\u00e9avis. La version en vigueur publi\u00e9e sur notre site web fait foi. Si la d\u00e9claration de confidentialit\u00e9 fait partie d&rsquo;un accord conclu avec vous, nous vous informerons de toute mise \u00e0 jour par e-mail ou par tout autre moyen appropri\u00e9.<\/p>\n<p><strong>Questions au d\u00e9l\u00e9gu\u00e9 \u00e0 la protection des donn\u00e9es<\/strong><br \/>Si vous avez des questions concernant la protection des donn\u00e9es, veuillez nous envoyer un e-mail ou vous adresser directement \u00e0 la personne responsable de la protection des donn\u00e9es au sein de notre organisation, dont la liste figure au d\u00e9but de la pr\u00e9sente d\u00e9claration de confidentialit\u00e9.<\/p>\n<p><strong>Remarques sur le traitement des donn\u00e9es en relation avec Google Analytics<\/strong><br \/>Ce site utilise Google Analytics, un service d&rsquo;analyse de site internet fourni par Google Ireland Limited. Si le responsable du traitement des donn\u00e9es sur ce site web est situ\u00e9 en dehors de l&rsquo;Espace \u00e9conomique europ\u00e9en ou de la Suisse, le traitement des donn\u00e9es Google Analytics est effectu\u00e9 par Google LLC. Google LLC et Google Ireland Limited sont ci-apr\u00e8s d\u00e9nomm\u00e9s \u00ab\u00a0Google\u00a0\u00bb.<\/p>\n<p>Google Analytics utilise des \u00ab\u00a0cookies\u00a0\u00bb, des fichiers texte qui sont enregistr\u00e9s sur l&rsquo;ordinateur du visiteur du site et qui permettent d&rsquo;analyser l&rsquo;utilisation du site par le visiteur du site. Les informations g\u00e9n\u00e9r\u00e9es par le cookie concernant l&rsquo;utilisation de ce site web par le visiteur de la page (y compris l&rsquo;adresse IP abr\u00e9g\u00e9e) sont g\u00e9n\u00e9ralement transmises \u00e0 un serveur de Google et y sont enregistr\u00e9es.<\/p>\n<p>Google Analytics est utilis\u00e9 exclusivement avec l&rsquo;extension \u00ab\u00a0_anonymizeIp()\u00a0\u00bb sur ce site. Cette extension garantit l&rsquo;anonymisation de l&rsquo;adresse IP en la raccourcissant et exclut tout lien direct avec une personne. Gr\u00e2ce \u00e0 l&rsquo;extension, l&rsquo;adresse IP de Google est raccourcie au pr\u00e9alable dans les \u00c9tats membres de l&rsquo;Union europ\u00e9enne ou dans d&rsquo;autres \u00c9tats parties \u00e0 l&rsquo;accord sur l&rsquo;Espace \u00e9conomique europ\u00e9en. Ce n&rsquo;est que dans des cas exceptionnels que l&rsquo;adresse IP compl\u00e8te est transmise \u00e0 un serveur de Google aux \u00c9tats-Unis et y est raccourcie. L&rsquo;adresse IP transmise par le navigateur concern\u00e9 dans le cadre de Google Analytics n&rsquo;est pas recoup\u00e9e avec d&rsquo;autres donn\u00e9es de Google.<\/p>\n<p>Google utilisera les informations recueillies pour le compte de l&rsquo;exploitant du site afin d&rsquo;\u00e9valuer l&rsquo;utilisation du site, de compiler des rapports sur l&rsquo;activit\u00e9 du site et de fournir \u00e0 l&rsquo;exploitant du site d&rsquo;autres services li\u00e9s \u00e0 l&rsquo;activit\u00e9 du site et \u00e0 l&rsquo;utilisation d&rsquo;Internet (article 6, paragraphe 1, point f du RGPD). L&rsquo;int\u00e9r\u00eat l\u00e9gitime du traitement des donn\u00e9es r\u00e9side dans l&rsquo;optimisation de ce site web, l&rsquo;analyse de l&rsquo;utilisation du site web et l&rsquo;adaptation de son contenu. Les int\u00e9r\u00eats des utilisateurs sont suffisamment prot\u00e9g\u00e9s par la pseudonymisation.<\/p>\n<p>Google LLC. offre une garantie de respect d&rsquo;un niveau ad\u00e9quat de protection des donn\u00e9es sur la base des clauses contractuelles standard. Les donn\u00e9es envoy\u00e9es et associ\u00e9es \u00e0 des cookies, des identifiants d&rsquo;utilisateur (par ex. User-ID) ou des identifiants publicitaires sont automatiquement supprim\u00e9es apr\u00e8s 50 mois. La suppression des donn\u00e9es dont la dur\u00e9e de conservation est atteinte a lieu automatiquement une fois par mois.<\/p>\n<p>La saisie par Google Analytics peut \u00eatre \u00e9vit\u00e9e en adaptant les param\u00e8tres des cookies pour ce site web. Il est en outre possible de s&rsquo;opposer \u00e0 tout moment \u00e0 la collecte et \u00e0 l&rsquo;enregistrement de l&rsquo;adresse IP et des donn\u00e9es g\u00e9n\u00e9r\u00e9es par les cookies, avec effet pour l&rsquo;avenir. Le plugin de navigateur correspondant peut \u00eatre t\u00e9l\u00e9charg\u00e9 et install\u00e9 sur le lien suivant : https:\/\/tools.google.com\/dlpage\/gaoptout.<\/p>\n<p>Le visiteur du site peut emp\u00eacher la saisie par Google Analytics sur ce site web en cliquant sur le lien suivant. Un cookie d&rsquo;opt-out est install\u00e9 pour emp\u00eacher la collecte future des donn\u00e9es lors de la visite de ce site.<\/p>\n<p>Pour plus d&rsquo;informations sur l&rsquo;utilisation des donn\u00e9es par Google, les possibilit\u00e9s de param\u00e9trage et d&rsquo;opposition, veuillez consulter la d\u00e9claration de confidentialit\u00e9 de Google (https:\/\/policies.google.com\/privacy) ainsi que les param\u00e8tres d&rsquo;affichage des annonces publicitaires par Google (https:\/\/adssettings.google.com\/authenticated).<\/p>\n\t\t\t\t\t\t\t\t<\/div>\n\t\t\t\t<\/div>\n\t\t\t\t\t<\/div>\n\t\t<\/div>\n\t\t\t\t\t<\/div>\n\t\t<\/section>\n\t\t\t\t<\/div>\n\t\t","protected":false},"excerpt":{"rendered":"<p>Le service responsable au sens des lois sur la protection des donn\u00e9es, en particulier du r\u00e8glement g\u00e9n\u00e9ral sur la protection<\/p>\n","protected":false},"author":2,"featured_media":0,"parent":0,"menu_order":0,"comment_status":"closed","ping_status":"closed","template":"","meta":{"iawp_total_views":0,"footnotes":""},"class_list":["post-19357","page","type-page","status-publish","hentry"],"_links":{"self":[{"href":"https:\/\/anonuem.eu\/fr\/wp-json\/wp\/v2\/pages\/19357","targetHints":{"allow":["GET"]}}],"collection":[{"href":"https:\/\/anonuem.eu\/fr\/wp-json\/wp\/v2\/pages"}],"about":[{"href":"https:\/\/anonuem.eu\/fr\/wp-json\/wp\/v2\/types\/page"}],"author":[{"embeddable":true,"href":"https:\/\/anonuem.eu\/fr\/wp-json\/wp\/v2\/users\/2"}],"replies":[{"embeddable":true,"href":"https:\/\/anonuem.eu\/fr\/wp-json\/wp\/v2\/comments?post=19357"}],"version-history":[{"count":2,"href":"https:\/\/anonuem.eu\/fr\/wp-json\/wp\/v2\/pages\/19357\/revisions"}],"predecessor-version":[{"id":19395,"href":"https:\/\/anonuem.eu\/fr\/wp-json\/wp\/v2\/pages\/19357\/revisions\/19395"}],"wp:attachment":[{"href":"https:\/\/anonuem.eu\/fr\/wp-json\/wp\/v2\/media?parent=19357"}],"curies":[{"name":"wp","href":"https:\/\/api.w.org\/{rel}","templated":true}]}}