{"id":19385,"date":"2023-09-29T11:18:30","date_gmt":"2023-09-29T09:18:30","guid":{"rendered":"http:\/\/anonuem.eu.w01eeaad.kasserver.com\/mot-de-passe-perdu\/"},"modified":"2023-09-29T11:18:30","modified_gmt":"2023-09-29T09:18:30","slug":"mot-de-passe-perdu","status":"publish","type":"page","link":"https:\/\/anonuem.eu\/fr\/mot-de-passe-perdu\/","title":{"rendered":"Mot de passe perdu"},"content":{"rendered":"<p>Veuillez saisir votre nom d&rsquo;utilisateur ou votre adresse e-mail ci-dessous. Vous recevrez un lien pour confirmer la demande par e-mail. Un nouveau mot de passe g\u00e9n\u00e9r\u00e9 sera fourni et pourra \u00eatre modifi\u00e9 ult\u00e9rieurement \u00e0 partir de Mon compte.<\/p>\n\r\n<div class=\"uap-pass-form-wrap uap-login-template-11\">\r\r\n\t<form method=\"post\" >\r\r\n\t\t<input type=\"hidden\" name=\"uap_reset_password_nonce\" value=\"76f76cd6ea\" \/>\r\r\n\t\t<input name=\"uapaction\" type=\"hidden\" value=\"reset_pass\">\r\r\n\r\r\n\t\r\n\t\t\t\t\t<div class=\"uap-form-line-fr\">\r\r\n\t\t\t\t\t\t<i class=\"fa-uap fa-username-uap\"><\/i>\r\r\n\t\t\t\t\t\t<input type=\"text\" value=\"\" name=\"email_or_userlogin\" placeholder=\"Username or E-mail\" \/>\r\r\n\t\t\t\t\t<\/div>\r\r\n\t\t\t\t\t<div class=\"uap-form-line-fr uap-form-submit\">\r\r\n\t\t\t\t\t\t<input type=\"submit\" value=\"Get New Password\" name=\"Submit\" class=\"button button-primary button-large  uap-reset-password-button\" \/>\r\r\n\t\t\t\t\t<\/div>\r\r\n\t\t\t\t\r\n\r\r\n\t<\/form>\r\r\n\t\r\n<\/div>\r\r\n\n","protected":false},"excerpt":{"rendered":"<p>Veuillez saisir votre nom d&rsquo;utilisateur ou votre adresse e-mail ci-dessous. Vous recevrez un lien pour confirmer la demande par e-mail.<\/p>\n","protected":false},"author":2,"featured_media":0,"parent":0,"menu_order":0,"comment_status":"closed","ping_status":"closed","template":"","meta":{"iawp_total_views":0,"footnotes":""},"class_list":["post-19385","page","type-page","status-publish","hentry"],"_links":{"self":[{"href":"https:\/\/anonuem.eu\/fr\/wp-json\/wp\/v2\/pages\/19385","targetHints":{"allow":["GET"]}}],"collection":[{"href":"https:\/\/anonuem.eu\/fr\/wp-json\/wp\/v2\/pages"}],"about":[{"href":"https:\/\/anonuem.eu\/fr\/wp-json\/wp\/v2\/types\/page"}],"author":[{"embeddable":true,"href":"https:\/\/anonuem.eu\/fr\/wp-json\/wp\/v2\/users\/2"}],"replies":[{"embeddable":true,"href":"https:\/\/anonuem.eu\/fr\/wp-json\/wp\/v2\/comments?post=19385"}],"version-history":[{"count":0,"href":"https:\/\/anonuem.eu\/fr\/wp-json\/wp\/v2\/pages\/19385\/revisions"}],"wp:attachment":[{"href":"https:\/\/anonuem.eu\/fr\/wp-json\/wp\/v2\/media?parent=19385"}],"curies":[{"name":"wp","href":"https:\/\/api.w.org\/{rel}","templated":true}]}}