{"id":19417,"date":"2023-10-06T09:35:06","date_gmt":"2023-10-06T07:35:06","guid":{"rendered":"http:\/\/anonuem.eu.w01eeaad.kasserver.com\/partenaires-affilies\/"},"modified":"2024-02-19T13:28:11","modified_gmt":"2024-02-19T11:28:11","slug":"partenaires-affilies","status":"publish","type":"page","link":"https:\/\/anonuem.eu\/fr\/partenaires-affilies\/","title":{"rendered":"Partenaires affili\u00e9s"},"content":{"rendered":"\t\t<div data-elementor-type=\"wp-page\" data-elementor-id=\"19417\" class=\"elementor elementor-19417 elementor-17067\" data-elementor-post-type=\"page\">\n\t\t\t\t\t\t<section class=\"wd-negative-gap elementor-section elementor-top-section elementor-element elementor-element-099d759 elementor-section-boxed elementor-section-height-default elementor-section-height-default\" data-id=\"099d759\" data-element_type=\"section\" data-e-type=\"section\">\n\t\t\t\t\t\t<div class=\"elementor-container elementor-column-gap-default\">\n\t\t\t\t\t<div class=\"elementor-column elementor-col-100 elementor-top-column elementor-element elementor-element-9f73cff\" data-id=\"9f73cff\" data-element_type=\"column\" data-e-type=\"column\">\n\t\t\t<div class=\"elementor-widget-wrap elementor-element-populated\">\n\t\t\t\t\t\t<div class=\"elementor-element elementor-element-aaa4141 elementor-widget elementor-widget-heading\" data-id=\"aaa4141\" data-element_type=\"widget\" data-e-type=\"widget\" data-widget_type=\"heading.default\">\n\t\t\t\t<div class=\"elementor-widget-container\">\n\t\t\t\t\t<h2 class=\"elementor-heading-title elementor-size-default\">Devenez notre partenaire de distribution dans le programme d'affiliation<\/h2>\t\t\t\t<\/div>\n\t\t\t\t<\/div>\n\t\t\t\t<div class=\"elementor-element elementor-element-293e969 color-scheme-inherit text-left elementor-widget elementor-widget-text-editor\" data-id=\"293e969\" data-element_type=\"widget\" data-e-type=\"widget\" data-widget_type=\"text-editor.default\">\n\t\t\t\t<div class=\"elementor-widget-container\">\n\t\t\t\t\t\t\t\t\t<p style=\"text-align: center;\">Apr\u00e8s ton inscription, tu gagnes imm\u00e9diatement de l&rsquo;argent avec nos produits ANONUEM cools !  <\/p>\n\t\t\t\t\t\t\t\t<\/div>\n\t\t\t\t<\/div>\n\t\t\t\t\t<\/div>\n\t\t<\/div>\n\t\t\t\t\t<\/div>\n\t\t<\/section>\n\t\t\t\t<section class=\"wd-negative-gap elementor-section elementor-top-section elementor-element elementor-element-77c954f elementor-section-boxed elementor-section-height-default elementor-section-height-default\" data-id=\"77c954f\" data-element_type=\"section\" data-e-type=\"section\">\n\t\t\t\t\t\t<div class=\"elementor-container elementor-column-gap-default\">\n\t\t\t\t\t<div class=\"elementor-column elementor-col-100 elementor-top-column elementor-element elementor-element-fb37d5c\" data-id=\"fb37d5c\" data-element_type=\"column\" data-e-type=\"column\">\n\t\t\t<div class=\"elementor-widget-wrap elementor-element-populated\">\n\t\t\t\t\t\t<div class=\"elementor-element elementor-element-9566dab elementor-widget elementor-widget-spacer\" data-id=\"9566dab\" data-element_type=\"widget\" data-e-type=\"widget\" data-widget_type=\"spacer.default\">\n\t\t\t\t<div class=\"elementor-widget-container\">\n\t\t\t\t\t\t\t<div class=\"elementor-spacer\">\n\t\t\t<div class=\"elementor-spacer-inner\"><\/div>\n\t\t<\/div>\n\t\t\t\t\t\t<\/div>\n\t\t\t\t<\/div>\n\t\t\t\t\t<\/div>\n\t\t<\/div>\n\t\t\t\t\t<\/div>\n\t\t<\/section>\n\t\t\t\t<section class=\"elementor-section elementor-top-section elementor-element elementor-element-28179ef0 elementor-section-content-middle elementor-section-boxed elementor-section-height-default elementor-section-height-default\" data-id=\"28179ef0\" data-element_type=\"section\" data-e-type=\"section\" data-settings=\"{&quot;background_background&quot;:&quot;classic&quot;}\">\n\t\t\t\t\t\t<div class=\"elementor-container elementor-column-gap-no\">\n\t\t\t\t\t<div class=\"elementor-column elementor-col-50 elementor-top-column elementor-element elementor-element-a7a63df\" data-id=\"a7a63df\" data-element_type=\"column\" data-e-type=\"column\" data-settings=\"{&quot;background_background&quot;:&quot;classic&quot;}\">\n\t\t\t<div class=\"elementor-widget-wrap elementor-element-populated\">\n\t\t\t\t\t\t<div class=\"elementor-element elementor-element-245df03c elementor-widget elementor-widget-image\" data-id=\"245df03c\" data-element_type=\"widget\" data-e-type=\"widget\" data-widget_type=\"image.default\">\n\t\t\t\t<div class=\"elementor-widget-container\">\n\t\t\t\t\t\t\t\t\t\t\t\t\t\t\t<img loading=\"lazy\" decoding=\"async\" width=\"900\" height=\"614\" src=\"https:\/\/anonuem.eu\/wp-content\/uploads\/2023\/10\/anonuem.jpg\" class=\"attachment-full size-full wp-image-17085\" alt=\"\" srcset=\"https:\/\/anonuem.eu\/wp-content\/uploads\/2023\/10\/anonuem.jpg 900w, https:\/\/anonuem.eu\/wp-content\/uploads\/2023\/10\/anonuem-400x273.jpg 400w, https:\/\/anonuem.eu\/wp-content\/uploads\/2023\/10\/anonuem-768x524.jpg 768w, https:\/\/anonuem.eu\/wp-content\/uploads\/2023\/10\/anonuem-860x587.jpg 860w, https:\/\/anonuem.eu\/wp-content\/uploads\/2023\/10\/anonuem-430x293.jpg 430w, https:\/\/anonuem.eu\/wp-content\/uploads\/2023\/10\/anonuem-700x478.jpg 700w, https:\/\/anonuem.eu\/wp-content\/uploads\/2023\/10\/anonuem-150x102.jpg 150w\" sizes=\"auto, (max-width: 900px) 100vw, 900px\" \/>\t\t\t\t\t\t\t\t\t\t\t\t\t\t\t<\/div>\n\t\t\t\t<\/div>\n\t\t\t\t\t<\/div>\n\t\t<\/div>\n\t\t\t\t<div class=\"elementor-column elementor-col-50 elementor-top-column elementor-element elementor-element-4293c35d\" data-id=\"4293c35d\" data-element_type=\"column\" data-e-type=\"column\">\n\t\t\t<div class=\"elementor-widget-wrap elementor-element-populated\">\n\t\t\t\t\t\t<div class=\"elementor-element elementor-element-35960b72 elementor-widget elementor-widget-heading\" data-id=\"35960b72\" data-element_type=\"widget\" data-e-type=\"widget\" data-widget_type=\"heading.default\">\n\t\t\t\t<div class=\"elementor-widget-container\">\n\t\t\t\t\t<h4 class=\"elementor-heading-title elementor-size-default\">Sois ANONUEM<\/h4>\t\t\t\t<\/div>\n\t\t\t\t<\/div>\n\t\t\t\t<div class=\"elementor-element elementor-element-dd09600 elementor-widget-divider--view-line elementor-widget elementor-widget-divider\" data-id=\"dd09600\" data-element_type=\"widget\" data-e-type=\"widget\" data-widget_type=\"divider.default\">\n\t\t\t\t<div class=\"elementor-widget-container\">\n\t\t\t\t\t\t\t<div class=\"elementor-divider\">\n\t\t\t<span class=\"elementor-divider-separator\">\n\t\t\t\t\t\t<\/span>\n\t\t<\/div>\n\t\t\t\t\t\t<\/div>\n\t\t\t\t<\/div>\n\t\t\t\t<div class=\"elementor-element elementor-element-1d2add95 color-scheme-inherit text-left elementor-widget elementor-widget-text-editor\" data-id=\"1d2add95\" data-element_type=\"widget\" data-e-type=\"widget\" data-widget_type=\"text-editor.default\">\n\t\t\t\t<div class=\"elementor-widget-container\">\n\t\t\t\t\t\t\t\t\t<p> <strong> Rejoins-nous<\/strong> et gagne de l&rsquo;argent avec nos produits. Inscris-toi simplement \u00e0 notre programme d&rsquo;affiliation et gagne de l&rsquo;argent avec nos v\u00eatements streetwear. ANONUEM est synonyme de haute qualit\u00e9 \u00e0 des prix raisonnables. Nous voulons rendre nos v\u00eatements streetwear accessibles \u00e0 tous.<\/p>\n\t\t\t\t\t\t\t\t<\/div>\n\t\t\t\t<\/div>\n\t\t\t\t\t<\/div>\n\t\t<\/div>\n\t\t\t\t\t<\/div>\n\t\t<\/section>\n\t\t\t\t<section class=\"elementor-section elementor-top-section elementor-element elementor-element-99679f8 elementor-section-boxed elementor-section-height-default elementor-section-height-default\" data-id=\"99679f8\" data-element_type=\"section\" data-e-type=\"section\">\n\t\t\t\t\t\t<div class=\"elementor-container elementor-column-gap-default\">\n\t\t\t\t\t<div class=\"elementor-column elementor-col-50 elementor-top-column elementor-element elementor-element-bd89e48\" data-id=\"bd89e48\" data-element_type=\"column\" data-e-type=\"column\">\n\t\t\t<div class=\"elementor-widget-wrap elementor-element-populated\">\n\t\t\t\t\t\t<div class=\"elementor-element elementor-element-8852476 elementor-widget elementor-widget-heading\" data-id=\"8852476\" data-element_type=\"widget\" data-e-type=\"widget\" data-widget_type=\"heading.default\">\n\t\t\t\t<div class=\"elementor-widget-container\">\n\t\t\t\t\t<h2 class=\"elementor-heading-title elementor-size-default\">TES AVANTAGES  <\/h2>\t\t\t\t<\/div>\n\t\t\t\t<\/div>\n\t\t\t\t<div class=\"elementor-element elementor-element-d5162f7 color-scheme-inherit text-left elementor-widget elementor-widget-text-editor\" data-id=\"d5162f7\" data-element_type=\"widget\" data-e-type=\"widget\" data-widget_type=\"text-editor.default\">\n\t\t\t\t<div class=\"elementor-widget-container\">\n\t\t\t\t\t\t\t\t\t<ul>\n<li>G\u00e9n\u00e8re un revenu passif<\/li>\n<li>Top Brand Football Fan Streetwear<\/li>\n<li>Provision paiement mensuel<\/li>\n<li>International, livraison dans tous les pays  <\/li>\n<li>Sensation de style de vie<\/li>\n<\/ul>\n\t\t\t\t\t\t\t\t<\/div>\n\t\t\t\t<\/div>\n\t\t\t\t\t<\/div>\n\t\t<\/div>\n\t\t\t\t<div class=\"elementor-column elementor-col-50 elementor-top-column elementor-element elementor-element-40f991f\" data-id=\"40f991f\" data-element_type=\"column\" data-e-type=\"column\">\n\t\t\t<div class=\"elementor-widget-wrap elementor-element-populated\">\n\t\t\t\t\t\t<div class=\"elementor-element elementor-element-4d4514f elementor-widget elementor-widget-spacer\" data-id=\"4d4514f\" data-element_type=\"widget\" data-e-type=\"widget\" data-widget_type=\"spacer.default\">\n\t\t\t\t<div class=\"elementor-widget-container\">\n\t\t\t\t\t\t\t<div class=\"elementor-spacer\">\n\t\t\t<div class=\"elementor-spacer-inner\"><\/div>\n\t\t<\/div>\n\t\t\t\t\t\t<\/div>\n\t\t\t\t<\/div>\n\t\t\t\t<div class=\"elementor-element elementor-element-10f9dd2 elementor-widget elementor-widget-heading\" data-id=\"10f9dd2\" data-element_type=\"widget\" data-e-type=\"widget\" data-widget_type=\"heading.default\">\n\t\t\t\t<div class=\"elementor-widget-container\">\n\t\t\t\t\t<h2 class=\"elementor-heading-title elementor-size-default\">Demande par e-mail<\/h2>\t\t\t\t<\/div>\n\t\t\t\t<\/div>\n\t\t\t\t<div class=\"elementor-element elementor-element-4379592 elementor-align-center elementor-widget elementor-widget-button\" data-id=\"4379592\" data-element_type=\"widget\" data-e-type=\"widget\" data-widget_type=\"button.default\">\n\t\t\t\t<div class=\"elementor-widget-container\">\n\t\t\t\t\t\t\t\t\t<div class=\"elementor-button-wrapper\">\n\t\t\t\t\t<a class=\"elementor-button elementor-button-link elementor-size-sm\" href=\"mailto:info@anonuem.net\">\n\t\t\t\t\t\t<span class=\"elementor-button-content-wrapper\">\n\t\t\t\t\t\t\t\t\t<span class=\"elementor-button-text\">DEVENIR PARTENAIRE<\/span>\n\t\t\t\t\t<\/span>\n\t\t\t\t\t<\/a>\n\t\t\t\t<\/div>\n\t\t\t\t\t\t\t\t<\/div>\n\t\t\t\t<\/div>\n\t\t\t\t\t<\/div>\n\t\t<\/div>\n\t\t\t\t\t<\/div>\n\t\t<\/section>\n\t\t\t\t<section class=\"elementor-section elementor-top-section elementor-element elementor-element-33be4eb8 elementor-section-content-middle elementor-section-boxed elementor-section-height-default elementor-section-height-default\" data-id=\"33be4eb8\" data-element_type=\"section\" data-e-type=\"section\">\n\t\t\t\t\t\t<div class=\"elementor-container elementor-column-gap-no\">\n\t\t\t\t\t<div class=\"elementor-column elementor-col-33 elementor-top-column elementor-element elementor-element-5dd1f117\" data-id=\"5dd1f117\" data-element_type=\"column\" data-e-type=\"column\">\n\t\t\t<div class=\"elementor-widget-wrap elementor-element-populated\">\n\t\t\t\t\t\t<div class=\"elementor-element elementor-element-5e81b188 color-scheme-inherit text-left elementor-widget elementor-widget-text-editor\" data-id=\"5e81b188\" data-element_type=\"widget\" data-e-type=\"widget\" data-widget_type=\"text-editor.default\">\n\t\t\t\t<div class=\"elementor-widget-container\">\n\t\t\t\t\t\t\t\t\t<p>Rejoins notre \u00e9quipe de vente  <\/p>\n\t\t\t\t\t\t\t\t<\/div>\n\t\t\t\t<\/div>\n\t\t\t\t<div class=\"elementor-element elementor-element-501956de elementor-widget elementor-widget-heading\" data-id=\"501956de\" data-element_type=\"widget\" data-e-type=\"widget\" data-widget_type=\"heading.default\">\n\t\t\t\t<div class=\"elementor-widget-container\">\n\t\t\t\t\t<h3 class=\"elementor-heading-title elementor-size-default\">Streetwear et accessoires<\/h3>\t\t\t\t<\/div>\n\t\t\t\t<\/div>\n\t\t\t\t<div class=\"elementor-element elementor-element-3ca0372a elementor-widget-divider--view-line elementor-widget elementor-widget-divider\" data-id=\"3ca0372a\" data-element_type=\"widget\" data-e-type=\"widget\" data-widget_type=\"divider.default\">\n\t\t\t\t<div class=\"elementor-widget-container\">\n\t\t\t\t\t\t\t<div class=\"elementor-divider\">\n\t\t\t<span class=\"elementor-divider-separator\">\n\t\t\t\t\t\t<\/span>\n\t\t<\/div>\n\t\t\t\t\t\t<\/div>\n\t\t\t\t<\/div>\n\t\t\t\t\t<\/div>\n\t\t<\/div>\n\t\t\t\t<div class=\"elementor-column elementor-col-33 elementor-top-column elementor-element elementor-element-1c15e730\" data-id=\"1c15e730\" data-element_type=\"column\" data-e-type=\"column\">\n\t\t\t<div class=\"elementor-widget-wrap elementor-element-populated\">\n\t\t\t\t\t\t<div class=\"elementor-element elementor-element-10d34a7d elementor-widget elementor-widget-image\" data-id=\"10d34a7d\" data-element_type=\"widget\" data-e-type=\"widget\" data-widget_type=\"image.default\">\n\t\t\t\t<div class=\"elementor-widget-container\">\n\t\t\t\t\t\t\t\t\t\t\t\t\t\t\t<img loading=\"lazy\" decoding=\"async\" width=\"800\" height=\"892\" src=\"https:\/\/anonuem.eu\/wp-content\/uploads\/2023\/11\/woman.jpg\" class=\"elementor-animation-grow attachment-full size-full wp-image-17415\" alt=\"\" srcset=\"https:\/\/anonuem.eu\/wp-content\/uploads\/2023\/11\/woman.jpg 800w, https:\/\/anonuem.eu\/wp-content\/uploads\/2023\/11\/woman-269x300.jpg 269w, https:\/\/anonuem.eu\/wp-content\/uploads\/2023\/11\/woman-717x800.jpg 717w, https:\/\/anonuem.eu\/wp-content\/uploads\/2023\/11\/woman-768x856.jpg 768w, https:\/\/anonuem.eu\/wp-content\/uploads\/2023\/11\/woman-430x479.jpg 430w, https:\/\/anonuem.eu\/wp-content\/uploads\/2023\/11\/woman-700x781.jpg 700w, https:\/\/anonuem.eu\/wp-content\/uploads\/2023\/11\/woman-150x167.jpg 150w\" sizes=\"auto, (max-width: 800px) 100vw, 800px\" \/>\t\t\t\t\t\t\t\t\t\t\t\t\t\t\t<\/div>\n\t\t\t\t<\/div>\n\t\t\t\t<div class=\"elementor-element elementor-element-1e9f2eba color-scheme-inherit text-left elementor-widget elementor-widget-text-editor\" data-id=\"1e9f2eba\" data-element_type=\"widget\" data-e-type=\"widget\" data-widget_type=\"text-editor.default\">\n\t\t\t\t<div class=\"elementor-widget-container\">\n\t\t\t\t\t\t\t\t\t<p>Des designs chics, des sticks et des logos de la meilleure qualit\u00e9 \u00e0 des prix \u00e9quitables.  <\/p>\n\t\t\t\t\t\t\t\t<\/div>\n\t\t\t\t<\/div>\n\t\t\t\t\t<\/div>\n\t\t<\/div>\n\t\t\t\t<div class=\"elementor-column elementor-col-33 elementor-top-column elementor-element elementor-element-597fb1f6\" data-id=\"597fb1f6\" data-element_type=\"column\" data-e-type=\"column\">\n\t\t\t<div class=\"elementor-widget-wrap elementor-element-populated\">\n\t\t\t\t\t\t<div class=\"elementor-element elementor-element-12a01ab2 color-scheme-inherit text-left elementor-widget elementor-widget-text-editor\" data-id=\"12a01ab2\" data-element_type=\"widget\" data-e-type=\"widget\" data-widget_type=\"text-editor.default\">\n\t\t\t\t<div class=\"elementor-widget-container\">\n\t\t\t\t\t\t\t\t\t<p>Nous proposons \u00e9galement de nombreux accessoires cools et utiles qui compl\u00e8tent le style ANONUEM.  <\/p>\n\t\t\t\t\t\t\t\t<\/div>\n\t\t\t\t<\/div>\n\t\t\t\t<div class=\"elementor-element elementor-element-55c89278 elementor-widget elementor-widget-image\" data-id=\"55c89278\" data-element_type=\"widget\" data-e-type=\"widget\" data-widget_type=\"image.default\">\n\t\t\t\t<div class=\"elementor-widget-container\">\n\t\t\t\t\t\t\t\t\t\t\t\t\t\t\t<img loading=\"lazy\" decoding=\"async\" width=\"800\" height=\"915\" src=\"https:\/\/anonuem.eu\/wp-content\/uploads\/2023\/11\/tasche2.jpg\" class=\"elementor-animation-grow attachment-full size-full wp-image-17425\" alt=\"\" srcset=\"https:\/\/anonuem.eu\/wp-content\/uploads\/2023\/11\/tasche2.jpg 800w, https:\/\/anonuem.eu\/wp-content\/uploads\/2023\/11\/tasche2-262x300.jpg 262w, https:\/\/anonuem.eu\/wp-content\/uploads\/2023\/11\/tasche2-699x800.jpg 699w, https:\/\/anonuem.eu\/wp-content\/uploads\/2023\/11\/tasche2-768x878.jpg 768w, https:\/\/anonuem.eu\/wp-content\/uploads\/2023\/11\/tasche2-430x492.jpg 430w, https:\/\/anonuem.eu\/wp-content\/uploads\/2023\/11\/tasche2-700x801.jpg 700w, https:\/\/anonuem.eu\/wp-content\/uploads\/2023\/11\/tasche2-150x172.jpg 150w\" sizes=\"auto, (max-width: 800px) 100vw, 800px\" \/>\t\t\t\t\t\t\t\t\t\t\t\t\t\t\t<\/div>\n\t\t\t\t<\/div>\n\t\t\t\t\t<\/div>\n\t\t<\/div>\n\t\t\t\t\t<\/div>\n\t\t<\/section>\n\t\t\t\t<\/div>\n\t\t","protected":false},"excerpt":{"rendered":"<p>Devenez notre partenaire de distribution dans le programme d&rsquo;affiliation Apr\u00e8s ton inscription, tu gagnes imm\u00e9diatement de l&rsquo;argent avec nos produits<\/p>\n","protected":false},"author":2,"featured_media":0,"parent":0,"menu_order":0,"comment_status":"closed","ping_status":"closed","template":"","meta":{"iawp_total_views":0,"footnotes":""},"class_list":["post-19417","page","type-page","status-publish","hentry"],"_links":{"self":[{"href":"https:\/\/anonuem.eu\/fr\/wp-json\/wp\/v2\/pages\/19417","targetHints":{"allow":["GET"]}}],"collection":[{"href":"https:\/\/anonuem.eu\/fr\/wp-json\/wp\/v2\/pages"}],"about":[{"href":"https:\/\/anonuem.eu\/fr\/wp-json\/wp\/v2\/types\/page"}],"author":[{"embeddable":true,"href":"https:\/\/anonuem.eu\/fr\/wp-json\/wp\/v2\/users\/2"}],"replies":[{"embeddable":true,"href":"https:\/\/anonuem.eu\/fr\/wp-json\/wp\/v2\/comments?post=19417"}],"version-history":[{"count":2,"href":"https:\/\/anonuem.eu\/fr\/wp-json\/wp\/v2\/pages\/19417\/revisions"}],"predecessor-version":[{"id":19441,"href":"https:\/\/anonuem.eu\/fr\/wp-json\/wp\/v2\/pages\/19417\/revisions\/19441"}],"wp:attachment":[{"href":"https:\/\/anonuem.eu\/fr\/wp-json\/wp\/v2\/media?parent=19417"}],"curies":[{"name":"wp","href":"https:\/\/api.w.org\/{rel}","templated":true}]}}