{"id":19428,"date":"2023-09-29T11:18:29","date_gmt":"2023-09-29T09:18:29","guid":{"rendered":"http:\/\/anonuem.eu.w01eeaad.kasserver.com\/connexion-daffilie\/"},"modified":"2024-02-19T13:28:11","modified_gmt":"2024-02-19T11:28:11","slug":"connexion-daffilie","status":"publish","type":"page","link":"https:\/\/anonuem.eu\/fr\/connexion-daffilie\/","title":{"rendered":"Connexion d&rsquo;affili\u00e9"},"content":{"rendered":"\t\t<div data-elementor-type=\"wp-page\" data-elementor-id=\"19428\" class=\"elementor elementor-19428 elementor-17009\" data-elementor-post-type=\"page\">\n\t\t\t\t\t\t<section class=\"wd-negative-gap elementor-section elementor-top-section elementor-element elementor-element-0d374ed elementor-section-boxed elementor-section-height-default elementor-section-height-default\" data-id=\"0d374ed\" data-element_type=\"section\" data-e-type=\"section\">\n\t\t\t\t\t\t<div class=\"elementor-container elementor-column-gap-default\">\n\t\t\t\t\t<div class=\"elementor-column elementor-col-100 elementor-top-column elementor-element elementor-element-22db9ab\" data-id=\"22db9ab\" data-element_type=\"column\" data-e-type=\"column\">\n\t\t\t<div class=\"elementor-widget-wrap elementor-element-populated\">\n\t\t\t\t\t\t<div class=\"elementor-element elementor-element-773c787 elementor-widget elementor-widget-heading\" data-id=\"773c787\" data-element_type=\"widget\" data-e-type=\"widget\" data-widget_type=\"heading.default\">\n\t\t\t\t<div class=\"elementor-widget-container\">\n\t\t\t\t\t<h2 class=\"elementor-heading-title elementor-size-default\">TON COMPTE PARTENAIRE  <\/h2>\t\t\t\t<\/div>\n\t\t\t\t<\/div>\n\t\t\t\t<div class=\"elementor-element elementor-element-04e664b elementor-widget-divider--view-line elementor-widget elementor-widget-divider\" data-id=\"04e664b\" data-element_type=\"widget\" data-e-type=\"widget\" data-widget_type=\"divider.default\">\n\t\t\t\t<div class=\"elementor-widget-container\">\n\t\t\t\t\t\t\t<div class=\"elementor-divider\">\n\t\t\t<span class=\"elementor-divider-separator\">\n\t\t\t\t\t\t<\/span>\n\t\t<\/div>\n\t\t\t\t\t\t<\/div>\n\t\t\t\t<\/div>\n\t\t\t\t\t<\/div>\n\t\t<\/div>\n\t\t\t\t\t<\/div>\n\t\t<\/section>\n\t\t\t\t<section class=\"elementor-section elementor-top-section elementor-element elementor-element-65db01fc elementor-section-content-middle elementor-section-boxed elementor-section-height-default elementor-section-height-default\" data-id=\"65db01fc\" data-element_type=\"section\" data-e-type=\"section\">\n\t\t\t\t\t\t<div class=\"elementor-container elementor-column-gap-no\">\n\t\t\t\t\t<div class=\"elementor-column elementor-col-50 elementor-top-column elementor-element elementor-element-988e8e7\" data-id=\"988e8e7\" data-element_type=\"column\" data-e-type=\"column\">\n\t\t\t<div class=\"elementor-widget-wrap elementor-element-populated\">\n\t\t\t\t\t\t<div class=\"elementor-element elementor-element-37efe486 elementor-widget elementor-widget-image\" data-id=\"37efe486\" data-element_type=\"widget\" data-e-type=\"widget\" data-widget_type=\"image.default\">\n\t\t\t\t<div class=\"elementor-widget-container\">\n\t\t\t\t\t\t\t\t\t\t\t\t\t\t\t<img loading=\"lazy\" decoding=\"async\" width=\"1208\" height=\"726\" src=\"https:\/\/anonuem.eu\/wp-content\/uploads\/2023\/11\/partner.jpg\" class=\"attachment-full size-full wp-image-17493\" alt=\"\" srcset=\"https:\/\/anonuem.eu\/wp-content\/uploads\/2023\/11\/partner.jpg 1208w, https:\/\/anonuem.eu\/wp-content\/uploads\/2023\/11\/partner-400x240.jpg 400w, https:\/\/anonuem.eu\/wp-content\/uploads\/2023\/11\/partner-768x462.jpg 768w, https:\/\/anonuem.eu\/wp-content\/uploads\/2023\/11\/partner-860x517.jpg 860w, https:\/\/anonuem.eu\/wp-content\/uploads\/2023\/11\/partner-430x258.jpg 430w, https:\/\/anonuem.eu\/wp-content\/uploads\/2023\/11\/partner-700x421.jpg 700w, https:\/\/anonuem.eu\/wp-content\/uploads\/2023\/11\/partner-150x90.jpg 150w\" sizes=\"auto, (max-width: 1208px) 100vw, 1208px\" \/>\t\t\t\t\t\t\t\t\t\t\t\t\t\t\t<\/div>\n\t\t\t\t<\/div>\n\t\t\t\t\t<\/div>\n\t\t<\/div>\n\t\t\t\t<div class=\"elementor-column elementor-col-50 elementor-top-column elementor-element elementor-element-43bc7656\" data-id=\"43bc7656\" data-element_type=\"column\" data-e-type=\"column\">\n\t\t\t<div class=\"elementor-widget-wrap elementor-element-populated\">\n\t\t\t\t\t\t<div class=\"elementor-element elementor-element-55fe238a elementor-widget elementor-widget-heading\" data-id=\"55fe238a\" data-element_type=\"widget\" data-e-type=\"widget\" data-widget_type=\"heading.default\">\n\t\t\t\t<div class=\"elementor-widget-container\">\n\t\t\t\t\t<h4 class=\"elementor-heading-title elementor-size-default\">PROGRAMME DE PARTENARIAT<\/h4>\t\t\t\t<\/div>\n\t\t\t\t<\/div>\n\t\t\t\t<div class=\"elementor-element elementor-element-39021b01 color-scheme-inherit text-left elementor-widget elementor-widget-text-editor\" data-id=\"39021b01\" data-element_type=\"widget\" data-e-type=\"widget\" data-widget_type=\"text-editor.default\">\n\t\t\t\t<div class=\"elementor-widget-container\">\n\t\t\t\t\t\t\t\t\t<p>Cr\u00e9e un revenu passif avec nos produits et contribue \u00e0 l&rsquo;\u00e9largissement de notre r\u00e9seau de clients. Tu peux te connecter directement au programme de partenariat ici et consulter ton compte.  <\/p>\n\t\t\t\t\t\t\t\t<\/div>\n\t\t\t\t<\/div>\n\t\t\t\t\t<\/div>\n\t\t<\/div>\n\t\t\t\t\t<\/div>\n\t\t<\/section>\n\t\t\t\t<section class=\"wd-negative-gap elementor-section elementor-top-section elementor-element elementor-element-3d4add0b elementor-section-boxed elementor-section-height-default elementor-section-height-default\" data-id=\"3d4add0b\" data-element_type=\"section\" data-e-type=\"section\">\n\t\t\t\t\t\t<div class=\"elementor-container elementor-column-gap-default\">\n\t\t\t\t\t<div class=\"elementor-column elementor-col-100 elementor-top-column elementor-element elementor-element-17e619b6\" data-id=\"17e619b6\" data-element_type=\"column\" data-e-type=\"column\">\n\t\t\t<div class=\"elementor-widget-wrap elementor-element-populated\">\n\t\t\t\t\t\t<div class=\"elementor-element elementor-element-7e266f52 color-scheme-inherit text-left elementor-widget elementor-widget-text-editor\" data-id=\"7e266f52\" data-element_type=\"widget\" data-e-type=\"widget\" data-widget_type=\"text-editor.default\">\n\t\t\t\t<div class=\"elementor-widget-container\">\n\t\t\t\t\t\t\t\t\t<p><div class=\"uap-login-form-wrap uap-login-template-11\"><form method=\"post\" id=\"uap_login_form\"><input type=\"hidden\" name=\"uapaction\" value=\"login\" \/><div class=\"uap-form-line-fr\"><i class=\"fa-uap fa-username-uap\"><\/i><input type=\"text\" id=\"uap_login_username\" value=\"\" name=\"log\" placeholder=\"Username\" \/><\/div><div class=\"uap-form-line-fr\"><i class=\"fa-uap fa-pass-uap\"><\/i><input type=\"password\" id=\"uap_login_password\" value=\"\" placeholder=\"Password\" name=\"pwd\" \/><\/div><div class=\"uap-remember-wrapper\"><input type=\"checkbox\" value=\"forever\" name=\"rememberme\" class=\"uap-form-input-remember\" \/><span class=\"uap-form-label-fr uap-form-label-remember\">Se souvenir de moi<\/span> <\/div><div  class=\"uap-form-links\"><div class=\"uap-form-links-pass\"><a href=\"https:\/\/anonuem.eu\/lost-password\/\">Lost your password?<\/a><\/div><\/div><div class=\"uap-clear\"><\/div><div class=\"uap-form-line-fr uap-form-submit\"><input type=\"submit\" value=\"Log In\" name=\"Submit\"  \/><\/div><div  class=\"uap-form-links\"><div class=\"uap-form-links-reg\">Dont have an account?<a href=\"https:\/\/anonuem.eu\/become-an-affiliate\/\">Sign Up<\/a><\/div><\/div><div class=\"uap-clear\"><\/div><input type='hidden' value='d22a42115b' name='uap_login_nonce' \/><\/form>\r\r\n\t<span class=\"uap-js-login-form-details\"\r\r\n\tdata-username_selector=\"#uap_login_username\"\r\r\n\tdata-password_selector=\"#uap_login_password\"\r\r\n\tdata-error_message=\"Please complete all require fields!\"><\/span>\r\r\n\t<\/div><\/p>\n\t\t\t\t\t\t\t\t<\/div>\n\t\t\t\t<\/div>\n\t\t\t\t\t<\/div>\n\t\t<\/div>\n\t\t\t\t\t<\/div>\n\t\t<\/section>\n\t\t\t\t<\/div>\n\t\t","protected":false},"excerpt":{"rendered":"<p>TON COMPTE PARTENAIRE PROGRAMME DE PARTENARIAT Cr\u00e9e un revenu passif avec nos produits et contribue \u00e0 l&rsquo;\u00e9largissement de notre r\u00e9seau<\/p>\n","protected":false},"author":2,"featured_media":0,"parent":0,"menu_order":0,"comment_status":"closed","ping_status":"closed","template":"","meta":{"iawp_total_views":0,"footnotes":""},"class_list":["post-19428","page","type-page","status-publish","hentry"],"_links":{"self":[{"href":"https:\/\/anonuem.eu\/fr\/wp-json\/wp\/v2\/pages\/19428","targetHints":{"allow":["GET"]}}],"collection":[{"href":"https:\/\/anonuem.eu\/fr\/wp-json\/wp\/v2\/pages"}],"about":[{"href":"https:\/\/anonuem.eu\/fr\/wp-json\/wp\/v2\/types\/page"}],"author":[{"embeddable":true,"href":"https:\/\/anonuem.eu\/fr\/wp-json\/wp\/v2\/users\/2"}],"replies":[{"embeddable":true,"href":"https:\/\/anonuem.eu\/fr\/wp-json\/wp\/v2\/comments?post=19428"}],"version-history":[{"count":2,"href":"https:\/\/anonuem.eu\/fr\/wp-json\/wp\/v2\/pages\/19428\/revisions"}],"predecessor-version":[{"id":19443,"href":"https:\/\/anonuem.eu\/fr\/wp-json\/wp\/v2\/pages\/19428\/revisions\/19443"}],"wp:attachment":[{"href":"https:\/\/anonuem.eu\/fr\/wp-json\/wp\/v2\/media?parent=19428"}],"curies":[{"name":"wp","href":"https:\/\/api.w.org\/{rel}","templated":true}]}}