{"id":19570,"date":"2023-07-25T19:03:56","date_gmt":"2023-07-25T17:03:56","guid":{"rendered":"http:\/\/anonuem.eu.w01eeaad.kasserver.com\/produkt\/t-shirt-adventure\/"},"modified":"2024-03-07T14:12:47","modified_gmt":"2024-03-07T12:12:47","slug":"t-shirt-adventure","status":"publish","type":"product","link":"https:\/\/anonuem.eu\/fr\/produkt\/t-shirt-adventure\/","title":{"rendered":"T-shirt Adventure"},"content":{"rendered":"","protected":false},"excerpt":{"rendered":"<p><strong>Indication du mat\u00e9riau :<\/strong><\/p>\n<ul>\n<li>180 g\/m<\/li>\n<li>100% coton (BIO)<\/li>\n<li>Manches mont\u00e9es<\/li>\n<li>1\u00d71 tricot c\u00f4tel\u00e9 \u00e0 l&rsquo;encolure<\/li>\n<li>Bandeau de cou contrast\u00e9<\/li>\n<li>Large surpiq\u00fbre double aux extr\u00e9mit\u00e9s des manches et \u00e0 l&rsquo;ourlet inf\u00e9rieur<\/li>\n<li>S\u00e9rigraphie multicolore sur le devant<\/li>\n<\/ul>\n<p>Notre mod\u00e8le mesure 1,87 m, p\u00e8se 89 kg et porte un M.<\/p>\n","protected":false},"featured_media":19597,"template":"","meta":{"iawp_total_views":0},"product_brand":[],"product_cat":[273,291,278],"product_tag":[],"class_list":{"0":"post-19570","1":"product","2":"type-product","3":"status-publish","4":"has-post-thumbnail","6":"product_cat-hommes","7":"product_cat-outlet-fr","8":"product_cat-t-shirts-fr","10":"first","11":"outofstock","12":"sale","13":"purchasable","14":"product-type-variable"},"_links":{"self":[{"href":"https:\/\/anonuem.eu\/fr\/wp-json\/wp\/v2\/product\/19570","targetHints":{"allow":["GET"]}}],"collection":[{"href":"https:\/\/anonuem.eu\/fr\/wp-json\/wp\/v2\/product"}],"about":[{"href":"https:\/\/anonuem.eu\/fr\/wp-json\/wp\/v2\/types\/product"}],"version-history":[{"count":1,"href":"https:\/\/anonuem.eu\/fr\/wp-json\/wp\/v2\/product\/19570\/revisions"}],"predecessor-version":[{"id":20549,"href":"https:\/\/anonuem.eu\/fr\/wp-json\/wp\/v2\/product\/19570\/revisions\/20549"}],"wp:featuredmedia":[{"embeddable":true,"href":"https:\/\/anonuem.eu\/fr\/wp-json\/wp\/v2\/media\/19597"}],"wp:attachment":[{"href":"https:\/\/anonuem.eu\/fr\/wp-json\/wp\/v2\/media?parent=19570"}],"wp:term":[{"taxonomy":"product_brand","embeddable":true,"href":"https:\/\/anonuem.eu\/fr\/wp-json\/wp\/v2\/product_brand?post=19570"},{"taxonomy":"product_cat","embeddable":true,"href":"https:\/\/anonuem.eu\/fr\/wp-json\/wp\/v2\/product_cat?post=19570"},{"taxonomy":"product_tag","embeddable":true,"href":"https:\/\/anonuem.eu\/fr\/wp-json\/wp\/v2\/product_tag?post=19570"}],"curies":[{"name":"wp","href":"https:\/\/api.w.org\/{rel}","templated":true}]}}