{"id":19625,"date":"2023-11-17T16:25:36","date_gmt":"2023-11-17T14:25:36","guid":{"rendered":"http:\/\/anonuem.eu.w01eeaad.kasserver.com\/produkt\/sac-destroy-noir\/"},"modified":"2024-09-29T17:02:39","modified_gmt":"2024-09-29T15:02:39","slug":"sac-destroy-noir","status":"publish","type":"product","link":"https:\/\/anonuem.eu\/fr\/produkt\/sac-destroy-noir\/","title":{"rendered":"Sac destroy noir"},"content":{"rendered":"","protected":false},"excerpt":{"rendered":"<p><strong>Indication du mat\u00e9riau :<\/strong><\/p>\n<ul>\n<li>Sac de haute qualit\u00e9, encore une fois renforc\u00e9. Encore une fois bien meilleur que les pr\u00e9c\u00e9dents<\/li>\n<li>Longues anses avec point de croix renforc\u00e9<\/li>\n<li>200 GSM<\/li>\n<li>100 % coton biologique, certifi\u00e9<\/li>\n<li>S\u00e9rigraphie monochrome<\/li>\n<\/ul>\n","protected":false},"featured_media":19650,"template":"","meta":{"iawp_total_views":0},"product_brand":[],"product_cat":[272,277],"product_tag":[],"class_list":{"0":"post-19625","1":"product","2":"type-product","3":"status-publish","4":"has-post-thumbnail","6":"product_cat-accessoires","7":"product_cat-sacs-pochettes","9":"first","10":"outofstock","11":"purchasable","12":"product-type-simple"},"_links":{"self":[{"href":"https:\/\/anonuem.eu\/fr\/wp-json\/wp\/v2\/product\/19625","targetHints":{"allow":["GET"]}}],"collection":[{"href":"https:\/\/anonuem.eu\/fr\/wp-json\/wp\/v2\/product"}],"about":[{"href":"https:\/\/anonuem.eu\/fr\/wp-json\/wp\/v2\/types\/product"}],"version-history":[{"count":1,"href":"https:\/\/anonuem.eu\/fr\/wp-json\/wp\/v2\/product\/19625\/revisions"}],"predecessor-version":[{"id":22762,"href":"https:\/\/anonuem.eu\/fr\/wp-json\/wp\/v2\/product\/19625\/revisions\/22762"}],"wp:featuredmedia":[{"embeddable":true,"href":"https:\/\/anonuem.eu\/fr\/wp-json\/wp\/v2\/media\/19650"}],"wp:attachment":[{"href":"https:\/\/anonuem.eu\/fr\/wp-json\/wp\/v2\/media?parent=19625"}],"wp:term":[{"taxonomy":"product_brand","embeddable":true,"href":"https:\/\/anonuem.eu\/fr\/wp-json\/wp\/v2\/product_brand?post=19625"},{"taxonomy":"product_cat","embeddable":true,"href":"https:\/\/anonuem.eu\/fr\/wp-json\/wp\/v2\/product_cat?post=19625"},{"taxonomy":"product_tag","embeddable":true,"href":"https:\/\/anonuem.eu\/fr\/wp-json\/wp\/v2\/product_tag?post=19625"}],"curies":[{"name":"wp","href":"https:\/\/api.w.org\/{rel}","templated":true}]}}