{"id":19662,"date":"2023-08-01T09:10:17","date_gmt":"2023-08-01T07:10:17","guid":{"rendered":"http:\/\/anonuem.eu.w01eeaad.kasserver.com\/produkt\/casual-cap-navy\/"},"modified":"2023-08-01T09:10:17","modified_gmt":"2023-08-01T07:10:17","slug":"casual-cap-navy","status":"publish","type":"product","link":"https:\/\/anonuem.eu\/fr\/produkt\/casual-cap-navy\/","title":{"rendered":"Casual Cap Navy"},"content":{"rendered":"","protected":false},"excerpt":{"rendered":"<p><strong>Indication du mat\u00e9riau :<\/strong><\/p>\n<ul>\n<li>Taille r\u00e9glable \u00e0 l&rsquo;arri\u00e8re<\/li>\n<li>Broderie \u00e0 l&rsquo;avant<\/li>\n<li>63% polyester \/ 34% coton \/ 3% \u00e9lasthanne<\/li>\n<\/ul>\n","protected":false},"featured_media":19686,"template":"","meta":{"iawp_total_views":0},"product_brand":[],"product_cat":[272,281],"product_tag":[],"class_list":{"0":"post-19662","1":"product","2":"type-product","3":"status-publish","4":"has-post-thumbnail","6":"product_cat-accessoires","7":"product_cat-couvre-chef","9":"first","10":"outofstock","11":"purchasable","12":"product-type-simple"},"_links":{"self":[{"href":"https:\/\/anonuem.eu\/fr\/wp-json\/wp\/v2\/product\/19662","targetHints":{"allow":["GET"]}}],"collection":[{"href":"https:\/\/anonuem.eu\/fr\/wp-json\/wp\/v2\/product"}],"about":[{"href":"https:\/\/anonuem.eu\/fr\/wp-json\/wp\/v2\/types\/product"}],"version-history":[{"count":0,"href":"https:\/\/anonuem.eu\/fr\/wp-json\/wp\/v2\/product\/19662\/revisions"}],"wp:featuredmedia":[{"embeddable":true,"href":"https:\/\/anonuem.eu\/fr\/wp-json\/wp\/v2\/media\/19686"}],"wp:attachment":[{"href":"https:\/\/anonuem.eu\/fr\/wp-json\/wp\/v2\/media?parent=19662"}],"wp:term":[{"taxonomy":"product_brand","embeddable":true,"href":"https:\/\/anonuem.eu\/fr\/wp-json\/wp\/v2\/product_brand?post=19662"},{"taxonomy":"product_cat","embeddable":true,"href":"https:\/\/anonuem.eu\/fr\/wp-json\/wp\/v2\/product_cat?post=19662"},{"taxonomy":"product_tag","embeddable":true,"href":"https:\/\/anonuem.eu\/fr\/wp-json\/wp\/v2\/product_tag?post=19662"}],"curies":[{"name":"wp","href":"https:\/\/api.w.org\/{rel}","templated":true}]}}