{"id":19807,"date":"2023-09-24T19:44:34","date_gmt":"2023-09-24T17:44:34","guid":{"rendered":"http:\/\/anonuem.eu.w01eeaad.kasserver.com\/produkt\/hello-my-name-is-anonuem-sweat-a-capuche\/"},"modified":"2024-04-27T21:20:25","modified_gmt":"2024-04-27T19:20:25","slug":"hello-my-name-is-anonuem-sweat-a-capuche","status":"publish","type":"product","link":"https:\/\/anonuem.eu\/fr\/produkt\/hello-my-name-is-anonuem-sweat-a-capuche\/","title":{"rendered":"Hello my name is ANONUEM Sweat \u00e0 capuche"},"content":{"rendered":"","protected":false},"excerpt":{"rendered":"<p><strong>Coupe pr\u00e8s du corps, pour les personnes qui aiment les v\u00eatements amples, prendre la taille au-dessus.<\/strong><\/p>\n<p><strong>Indication du mat\u00e9riau :<\/strong><\/p>\n<ul>\n<li>350 g\/m<\/li>\n<li>85% coton BIO, 15% polyester recycl\u00e9<\/li>\n<li>Manches mont\u00e9es<\/li>\n<li>Capuche avec doublure contrast\u00e9e<\/li>\n<li>Cordon rond de la m\u00eame couleur, extr\u00e9mit\u00e9s du cordon en m\u00e9tal<\/li>\n<li>\u0152illets en m\u00e9tal<\/li>\n<li>bandeau de cou avec motif \u00e0 chevrons<\/li>\n<li>Demi-lune d\u00e9port\u00e9e dans le cou<\/li>\n<li>Surpiq\u00fbres simples \u00e0 l&rsquo;encolure et le long de la capuche<\/li>\n<li>C\u00f4tes 1&#215;1 aux poignets et \u00e0 l&rsquo;ourlet inf\u00e9rieur<\/li>\n<li>double surpiq\u00fbre \u00e0 la base des manches, aux extr\u00e9mit\u00e9s des manches et \u00e0 l&rsquo;ourlet inf\u00e9rieur<\/li>\n<li>Poche kangourou<\/li>\n<li>S\u00e9rigraphie multicolore sur le devant<\/li>\n<li>\u00c9tiquette sur la poche kangourou<\/li>\n<\/ul>\n<p>Notre mod\u00e8le mesure 1,87 m, p\u00e8se 89 kg et porte une taille M.<\/p>\n","protected":false},"featured_media":19847,"template":"","meta":{"iawp_total_views":1},"product_brand":[],"product_cat":[273,291,298],"product_tag":[],"class_list":{"0":"post-19807","1":"product","2":"type-product","3":"status-publish","4":"has-post-thumbnail","6":"product_cat-hommes","7":"product_cat-outlet-fr","8":"product_cat-pull-over","10":"first","11":"instock","12":"sale","13":"purchasable","14":"product-type-variable"},"_links":{"self":[{"href":"https:\/\/anonuem.eu\/fr\/wp-json\/wp\/v2\/product\/19807","targetHints":{"allow":["GET"]}}],"collection":[{"href":"https:\/\/anonuem.eu\/fr\/wp-json\/wp\/v2\/product"}],"about":[{"href":"https:\/\/anonuem.eu\/fr\/wp-json\/wp\/v2\/types\/product"}],"version-history":[{"count":1,"href":"https:\/\/anonuem.eu\/fr\/wp-json\/wp\/v2\/product\/19807\/revisions"}],"predecessor-version":[{"id":20591,"href":"https:\/\/anonuem.eu\/fr\/wp-json\/wp\/v2\/product\/19807\/revisions\/20591"}],"wp:featuredmedia":[{"embeddable":true,"href":"https:\/\/anonuem.eu\/fr\/wp-json\/wp\/v2\/media\/19847"}],"wp:attachment":[{"href":"https:\/\/anonuem.eu\/fr\/wp-json\/wp\/v2\/media?parent=19807"}],"wp:term":[{"taxonomy":"product_brand","embeddable":true,"href":"https:\/\/anonuem.eu\/fr\/wp-json\/wp\/v2\/product_brand?post=19807"},{"taxonomy":"product_cat","embeddable":true,"href":"https:\/\/anonuem.eu\/fr\/wp-json\/wp\/v2\/product_cat?post=19807"},{"taxonomy":"product_tag","embeddable":true,"href":"https:\/\/anonuem.eu\/fr\/wp-json\/wp\/v2\/product_tag?post=19807"}],"curies":[{"name":"wp","href":"https:\/\/api.w.org\/{rel}","templated":true}]}}