{"id":19810,"date":"2025-07-17T01:44:36","date_gmt":"2025-07-16T23:44:36","guid":{"rendered":"http:\/\/anonuem.eu.w01eeaad.kasserver.com\/produkt\/boite-mystere-3xl\/"},"modified":"2026-03-23T14:21:58","modified_gmt":"2026-03-23T12:21:58","slug":"boite-mystere-3xl","status":"publish","type":"product","link":"https:\/\/anonuem.eu\/fr\/produkt\/boite-mystere-3xl\/","title":{"rendered":"Bo\u00eete myst\u00e8re 3XL"},"content":{"rendered":"","protected":false},"excerpt":{"rendered":"<p><strong>Ici, vous pouvez choisir entre 4 montants dans la bo\u00eete myst\u00e8re, 15\u20ac, 25\u20ac, 40\u20ac et 60\u20ac !<\/strong><\/p>\n<p>Nous pr\u00e9parons une bo\u00eete myst\u00e8re pour le montant que vous avez choisi. Cela vaut vraiment la peine, nous avons retir\u00e9 certaines choses de la boutique et vous retrouverez tout ici. Laissez-vous surprendre !<\/p>\n<p>Dans les colis, vous pouvez trouver des T-shirts, des pulls, des vestes, des pantalons et tous les accessoires, vous ne pouvez qu&rsquo;\u00eatre satisfaits. Les anciens designs populaires sont \u00e9galement inclus !<\/p>\n<p><strong>JE VOUS REMERCIE DE NOUS INDIQUER LA COULEUR QUE VOUS NE SOUHAITEZ PAS VOIR FIGURER DANS LA LISTE, AFIN QUE VOUS SOYEZ \u00c9GALEMENT SATISFAITS. POUR NOUS, C&rsquo;EST VOTRE SATISFACTION QUI COMPTE !<\/strong><\/p>\n","protected":false},"featured_media":24094,"template":"","meta":{"iawp_total_views":2},"product_brand":[],"product_cat":[292,273,291],"product_tag":[],"class_list":{"0":"post-19810","1":"product","2":"type-product","3":"status-publish","4":"has-post-thumbnail","6":"product_cat-boite-mystere","7":"product_cat-hommes","8":"product_cat-outlet-fr","10":"first","11":"instock","12":"purchasable","13":"product-type-variable"},"_links":{"self":[{"href":"https:\/\/anonuem.eu\/fr\/wp-json\/wp\/v2\/product\/19810","targetHints":{"allow":["GET"]}}],"collection":[{"href":"https:\/\/anonuem.eu\/fr\/wp-json\/wp\/v2\/product"}],"about":[{"href":"https:\/\/anonuem.eu\/fr\/wp-json\/wp\/v2\/types\/product"}],"version-history":[{"count":2,"href":"https:\/\/anonuem.eu\/fr\/wp-json\/wp\/v2\/product\/19810\/revisions"}],"predecessor-version":[{"id":26860,"href":"https:\/\/anonuem.eu\/fr\/wp-json\/wp\/v2\/product\/19810\/revisions\/26860"}],"wp:featuredmedia":[{"embeddable":true,"href":"https:\/\/anonuem.eu\/fr\/wp-json\/wp\/v2\/media\/24094"}],"wp:attachment":[{"href":"https:\/\/anonuem.eu\/fr\/wp-json\/wp\/v2\/media?parent=19810"}],"wp:term":[{"taxonomy":"product_brand","embeddable":true,"href":"https:\/\/anonuem.eu\/fr\/wp-json\/wp\/v2\/product_brand?post=19810"},{"taxonomy":"product_cat","embeddable":true,"href":"https:\/\/anonuem.eu\/fr\/wp-json\/wp\/v2\/product_cat?post=19810"},{"taxonomy":"product_tag","embeddable":true,"href":"https:\/\/anonuem.eu\/fr\/wp-json\/wp\/v2\/product_tag?post=19810"}],"curies":[{"name":"wp","href":"https:\/\/api.w.org\/{rel}","templated":true}]}}