{"id":19942,"date":"2023-09-24T19:44:26","date_gmt":"2023-09-24T17:44:26","guid":{"rendered":"http:\/\/anonuem.eu.w01eeaad.kasserver.com\/produkt\/hello-my-name-is-anonuem-t-shirt\/"},"modified":"2024-04-27T21:18:10","modified_gmt":"2024-04-27T19:18:10","slug":"hello-my-name-is-anonuem-t-shirt","status":"publish","type":"product","link":"https:\/\/anonuem.eu\/fr\/produkt\/hello-my-name-is-anonuem-t-shirt\/","title":{"rendered":"Hello my name is ANONUEM T-shirt"},"content":{"rendered":"","protected":false},"excerpt":{"rendered":"<p><strong>Indication du mat\u00e9riau :<\/strong><\/p>\n<ul>\n<li>180 g\/m<\/li>\n<li>100% coton (BIO)<\/li>\n<li>Manches mont\u00e9es<\/li>\n<li>1\u00d71 tricot c\u00f4tel\u00e9 \u00e0 l&rsquo;encolure<\/li>\n<li>Bandeau de cou contrast\u00e9<\/li>\n<li>Large surpiq\u00fbre double aux extr\u00e9mit\u00e9s des manches et \u00e0 l&rsquo;ourlet inf\u00e9rieur<\/li>\n<li>S\u00e9rigraphie multicolore sur le devant<\/li>\n<\/ul>\n<p>Notre mod\u00e8le mesure 1,87 m, p\u00e8se 89 kg et porte un M.<\/p>\n","protected":false},"featured_media":20006,"template":"","meta":{"iawp_total_views":0},"product_brand":[],"product_cat":[273,291,278],"product_tag":[],"class_list":{"0":"post-19942","1":"product","2":"type-product","3":"status-publish","4":"has-post-thumbnail","6":"product_cat-hommes","7":"product_cat-outlet-fr","8":"product_cat-t-shirts-fr","10":"first","11":"instock","12":"sale","13":"purchasable","14":"product-type-variable"},"_links":{"self":[{"href":"https:\/\/anonuem.eu\/fr\/wp-json\/wp\/v2\/product\/19942","targetHints":{"allow":["GET"]}}],"collection":[{"href":"https:\/\/anonuem.eu\/fr\/wp-json\/wp\/v2\/product"}],"about":[{"href":"https:\/\/anonuem.eu\/fr\/wp-json\/wp\/v2\/types\/product"}],"version-history":[{"count":1,"href":"https:\/\/anonuem.eu\/fr\/wp-json\/wp\/v2\/product\/19942\/revisions"}],"predecessor-version":[{"id":20588,"href":"https:\/\/anonuem.eu\/fr\/wp-json\/wp\/v2\/product\/19942\/revisions\/20588"}],"wp:featuredmedia":[{"embeddable":true,"href":"https:\/\/anonuem.eu\/fr\/wp-json\/wp\/v2\/media\/20006"}],"wp:attachment":[{"href":"https:\/\/anonuem.eu\/fr\/wp-json\/wp\/v2\/media?parent=19942"}],"wp:term":[{"taxonomy":"product_brand","embeddable":true,"href":"https:\/\/anonuem.eu\/fr\/wp-json\/wp\/v2\/product_brand?post=19942"},{"taxonomy":"product_cat","embeddable":true,"href":"https:\/\/anonuem.eu\/fr\/wp-json\/wp\/v2\/product_cat?post=19942"},{"taxonomy":"product_tag","embeddable":true,"href":"https:\/\/anonuem.eu\/fr\/wp-json\/wp\/v2\/product_tag?post=19942"}],"curies":[{"name":"wp","href":"https:\/\/api.w.org\/{rel}","templated":true}]}}