{"id":20296,"date":"2023-11-17T17:25:07","date_gmt":"2023-11-17T15:25:07","guid":{"rendered":"http:\/\/anonuem.eu.w01eeaad.kasserver.com\/produkt\/sac-destroy-royal-blue\/"},"modified":"2023-11-17T17:25:07","modified_gmt":"2023-11-17T15:25:07","slug":"sac-destroy-royal-blue","status":"publish","type":"product","link":"https:\/\/anonuem.eu\/fr\/produkt\/sac-destroy-royal-blue\/","title":{"rendered":"Sac destroy Royal Blue"},"content":{"rendered":"","protected":false},"excerpt":{"rendered":"<p><strong>Indication du mat\u00e9riau :<\/strong><\/p>\n<ul>\n<li>Sac de haute qualit\u00e9, encore une fois renforc\u00e9. Encore une fois bien meilleur que les pr\u00e9c\u00e9dents<\/li>\n<li>Longues anses avec point de croix renforc\u00e9<\/li>\n<li>200 GSM<\/li>\n<li>100 % coton biologique, certifi\u00e9<\/li>\n<li>S\u00e9rigraphie monochrome<\/li>\n<\/ul>\n","protected":false},"featured_media":20312,"template":"","meta":{"iawp_total_views":0},"product_brand":[],"product_cat":[272,277],"product_tag":[],"class_list":{"0":"post-20296","1":"product","2":"type-product","3":"status-publish","4":"has-post-thumbnail","6":"product_cat-accessoires","7":"product_cat-sacs-pochettes","9":"first","10":"outofstock","11":"purchasable","12":"product-type-simple"},"_links":{"self":[{"href":"https:\/\/anonuem.eu\/fr\/wp-json\/wp\/v2\/product\/20296","targetHints":{"allow":["GET"]}}],"collection":[{"href":"https:\/\/anonuem.eu\/fr\/wp-json\/wp\/v2\/product"}],"about":[{"href":"https:\/\/anonuem.eu\/fr\/wp-json\/wp\/v2\/types\/product"}],"version-history":[{"count":0,"href":"https:\/\/anonuem.eu\/fr\/wp-json\/wp\/v2\/product\/20296\/revisions"}],"wp:featuredmedia":[{"embeddable":true,"href":"https:\/\/anonuem.eu\/fr\/wp-json\/wp\/v2\/media\/20312"}],"wp:attachment":[{"href":"https:\/\/anonuem.eu\/fr\/wp-json\/wp\/v2\/media?parent=20296"}],"wp:term":[{"taxonomy":"product_brand","embeddable":true,"href":"https:\/\/anonuem.eu\/fr\/wp-json\/wp\/v2\/product_brand?post=20296"},{"taxonomy":"product_cat","embeddable":true,"href":"https:\/\/anonuem.eu\/fr\/wp-json\/wp\/v2\/product_cat?post=20296"},{"taxonomy":"product_tag","embeddable":true,"href":"https:\/\/anonuem.eu\/fr\/wp-json\/wp\/v2\/product_tag?post=20296"}],"curies":[{"name":"wp","href":"https:\/\/api.w.org\/{rel}","templated":true}]}}