{"id":20313,"date":"2023-12-13T13:12:59","date_gmt":"2023-12-13T11:12:59","guid":{"rendered":"http:\/\/anonuem.eu.w01eeaad.kasserver.com\/produkt\/special-day-pullover-dark-cherry\/"},"modified":"2024-04-27T20:56:56","modified_gmt":"2024-04-27T18:56:56","slug":"special-day-pullover-dark-cherry","status":"publish","type":"product","link":"https:\/\/anonuem.eu\/fr\/produkt\/special-day-pullover-dark-cherry\/","title":{"rendered":"Special Day Pullover Dark Cherry"},"content":{"rendered":"","protected":false},"excerpt":{"rendered":"<p><strong>ATTENTION : COUPE PROCHE DU CORPS, VEUILLEZ PRENDRE EN COMPTE LE TABLEAU DES TAILLES.<\/strong><\/p>\n<p><strong>Indication du mat\u00e9riau :<\/strong><\/p>\n<ul>\n<li>350 g\/m<\/li>\n<li>85 % coton bio \/ 15 % polyester recycl\u00e9 post-consommation<\/li>\n<li>Coupe pr\u00e8s du corps<\/li>\n<li>1\u00d71 tricot c\u00f4tel\u00e9 \u00e0 l&rsquo;encolure<\/li>\n<li>S\u00e9rigraphie frontale<\/li>\n<\/ul>\n<p>Notre mod\u00e8le mesure 1,87 L, p\u00e8se 89 Kg et porte une taille L.<\/p>\n","protected":false},"featured_media":20359,"template":"","meta":{"iawp_total_views":1},"product_brand":[],"product_cat":[273,291,298],"product_tag":[],"class_list":{"0":"post-20313","1":"product","2":"type-product","3":"status-publish","4":"has-post-thumbnail","6":"product_cat-hommes","7":"product_cat-outlet-fr","8":"product_cat-pull-over","10":"first","11":"instock","12":"sale","13":"purchasable","14":"product-type-variable"},"_links":{"self":[{"href":"https:\/\/anonuem.eu\/fr\/wp-json\/wp\/v2\/product\/20313","targetHints":{"allow":["GET"]}}],"collection":[{"href":"https:\/\/anonuem.eu\/fr\/wp-json\/wp\/v2\/product"}],"about":[{"href":"https:\/\/anonuem.eu\/fr\/wp-json\/wp\/v2\/types\/product"}],"version-history":[{"count":1,"href":"https:\/\/anonuem.eu\/fr\/wp-json\/wp\/v2\/product\/20313\/revisions"}],"predecessor-version":[{"id":20932,"href":"https:\/\/anonuem.eu\/fr\/wp-json\/wp\/v2\/product\/20313\/revisions\/20932"}],"wp:featuredmedia":[{"embeddable":true,"href":"https:\/\/anonuem.eu\/fr\/wp-json\/wp\/v2\/media\/20359"}],"wp:attachment":[{"href":"https:\/\/anonuem.eu\/fr\/wp-json\/wp\/v2\/media?parent=20313"}],"wp:term":[{"taxonomy":"product_brand","embeddable":true,"href":"https:\/\/anonuem.eu\/fr\/wp-json\/wp\/v2\/product_brand?post=20313"},{"taxonomy":"product_cat","embeddable":true,"href":"https:\/\/anonuem.eu\/fr\/wp-json\/wp\/v2\/product_cat?post=20313"},{"taxonomy":"product_tag","embeddable":true,"href":"https:\/\/anonuem.eu\/fr\/wp-json\/wp\/v2\/product_tag?post=20313"}],"curies":[{"name":"wp","href":"https:\/\/api.w.org\/{rel}","templated":true}]}}