{"id":20357,"date":"2023-11-17T17:58:53","date_gmt":"2023-11-17T15:58:53","guid":{"rendered":"http:\/\/anonuem.eu.w01eeaad.kasserver.com\/produkt\/t-shirt-destroy-noir\/"},"modified":"2024-04-27T21:08:14","modified_gmt":"2024-04-27T19:08:14","slug":"t-shirt-destroy-noir","status":"publish","type":"product","link":"https:\/\/anonuem.eu\/fr\/produkt\/t-shirt-destroy-noir\/","title":{"rendered":"T-shirt destroy noir"},"content":{"rendered":"","protected":false},"excerpt":{"rendered":"<p><strong>Indication du mat\u00e9riau :<\/strong><\/p>\n<ul>\n<li>180 g\/m<\/li>\n<li>100% coton (BIO)<\/li>\n<li>Manches mont\u00e9es<\/li>\n<li>1\u00d71 tricot c\u00f4tel\u00e9 \u00e0 l&rsquo;encolure<\/li>\n<li>Bandeau de cou contrast\u00e9<\/li>\n<li>Large surpiq\u00fbre double aux extr\u00e9mit\u00e9s des manches et \u00e0 l&rsquo;ourlet inf\u00e9rieur<\/li>\n<li>S\u00e9rigraphie frontale<\/li>\n<\/ul>\n<p>Notre mod\u00e8le mesure 1,87 m, p\u00e8se 89 kg et porte une taille M.<\/p>\n","protected":false},"featured_media":20399,"template":"","meta":{"iawp_total_views":1},"product_brand":[],"product_cat":[273,291,278],"product_tag":[],"class_list":{"0":"post-20357","1":"product","2":"type-product","3":"status-publish","4":"has-post-thumbnail","6":"product_cat-hommes","7":"product_cat-outlet-fr","8":"product_cat-t-shirts-fr","10":"first","11":"instock","12":"sale","13":"purchasable","14":"product-type-variable"},"_links":{"self":[{"href":"https:\/\/anonuem.eu\/fr\/wp-json\/wp\/v2\/product\/20357","targetHints":{"allow":["GET"]}}],"collection":[{"href":"https:\/\/anonuem.eu\/fr\/wp-json\/wp\/v2\/product"}],"about":[{"href":"https:\/\/anonuem.eu\/fr\/wp-json\/wp\/v2\/types\/product"}],"version-history":[{"count":1,"href":"https:\/\/anonuem.eu\/fr\/wp-json\/wp\/v2\/product\/20357\/revisions"}],"predecessor-version":[{"id":20578,"href":"https:\/\/anonuem.eu\/fr\/wp-json\/wp\/v2\/product\/20357\/revisions\/20578"}],"wp:featuredmedia":[{"embeddable":true,"href":"https:\/\/anonuem.eu\/fr\/wp-json\/wp\/v2\/media\/20399"}],"wp:attachment":[{"href":"https:\/\/anonuem.eu\/fr\/wp-json\/wp\/v2\/media?parent=20357"}],"wp:term":[{"taxonomy":"product_brand","embeddable":true,"href":"https:\/\/anonuem.eu\/fr\/wp-json\/wp\/v2\/product_brand?post=20357"},{"taxonomy":"product_cat","embeddable":true,"href":"https:\/\/anonuem.eu\/fr\/wp-json\/wp\/v2\/product_cat?post=20357"},{"taxonomy":"product_tag","embeddable":true,"href":"https:\/\/anonuem.eu\/fr\/wp-json\/wp\/v2\/product_tag?post=20357"}],"curies":[{"name":"wp","href":"https:\/\/api.w.org\/{rel}","templated":true}]}}