{"id":20423,"date":"2023-12-31T10:07:05","date_gmt":"2023-12-31T08:07:05","guid":{"rendered":"http:\/\/anonuem.eu.w01eeaad.kasserver.com\/produkt\/etui-pour-telephone-portable-graffiti-iphone-13-pro\/"},"modified":"2026-02-11T23:38:13","modified_gmt":"2026-02-11T21:38:13","slug":"etui-pour-telephone-portable-graffiti-iphone-13-pro","status":"publish","type":"product","link":"https:\/\/anonuem.eu\/fr\/produkt\/etui-pour-telephone-portable-graffiti-iphone-13-pro\/","title":{"rendered":"\u00c9tui pour t\u00e9l\u00e9phone portable Graffiti iPhone 13 Pro"},"content":{"rendered":"","protected":false},"excerpt":{"rendered":"<p>\u00c9tui pour t\u00e9l\u00e9phone portable Graffiti, peint \u00e0 la main de l&rsquo;int\u00e9rieur et un peu scell\u00e9.<\/p>\n<p>&nbsp;<\/p>\n","protected":false},"featured_media":20432,"template":"","meta":{"iawp_total_views":0},"product_brand":[],"product_cat":[272,291,283],"product_tag":[],"class_list":{"0":"post-20423","1":"product","2":"type-product","3":"status-publish","4":"has-post-thumbnail","6":"product_cat-accessoires","7":"product_cat-outlet-fr","8":"product_cat-toutes-sortes-de-choses","10":"first","11":"instock","12":"sale","13":"purchasable","14":"product-type-simple"},"_links":{"self":[{"href":"https:\/\/anonuem.eu\/fr\/wp-json\/wp\/v2\/product\/20423","targetHints":{"allow":["GET"]}}],"collection":[{"href":"https:\/\/anonuem.eu\/fr\/wp-json\/wp\/v2\/product"}],"about":[{"href":"https:\/\/anonuem.eu\/fr\/wp-json\/wp\/v2\/types\/product"}],"version-history":[{"count":1,"href":"https:\/\/anonuem.eu\/fr\/wp-json\/wp\/v2\/product\/20423\/revisions"}],"predecessor-version":[{"id":26977,"href":"https:\/\/anonuem.eu\/fr\/wp-json\/wp\/v2\/product\/20423\/revisions\/26977"}],"wp:featuredmedia":[{"embeddable":true,"href":"https:\/\/anonuem.eu\/fr\/wp-json\/wp\/v2\/media\/20432"}],"wp:attachment":[{"href":"https:\/\/anonuem.eu\/fr\/wp-json\/wp\/v2\/media?parent=20423"}],"wp:term":[{"taxonomy":"product_brand","embeddable":true,"href":"https:\/\/anonuem.eu\/fr\/wp-json\/wp\/v2\/product_brand?post=20423"},{"taxonomy":"product_cat","embeddable":true,"href":"https:\/\/anonuem.eu\/fr\/wp-json\/wp\/v2\/product_cat?post=20423"},{"taxonomy":"product_tag","embeddable":true,"href":"https:\/\/anonuem.eu\/fr\/wp-json\/wp\/v2\/product_tag?post=20423"}],"curies":[{"name":"wp","href":"https:\/\/api.w.org\/{rel}","templated":true}]}}