{"id":20511,"date":"2023-12-31T10:52:47","date_gmt":"2023-12-31T08:52:47","guid":{"rendered":"http:\/\/anonuem.eu.w01eeaad.kasserver.com\/produkt\/graffiti-etui-pour-telephone-portable-xiaomi-11-pro\/"},"modified":"2023-12-31T10:52:47","modified_gmt":"2023-12-31T08:52:47","slug":"graffiti-etui-pour-telephone-portable-xiaomi-11-pro","status":"publish","type":"product","link":"https:\/\/anonuem.eu\/fr\/produkt\/graffiti-etui-pour-telephone-portable-xiaomi-11-pro\/","title":{"rendered":"Graffiti \u00c9tui pour t\u00e9l\u00e9phone portable Xiaomi 11 pro"},"content":{"rendered":"","protected":false},"excerpt":{"rendered":"<p>\u00c9tui pour t\u00e9l\u00e9phone portable Graffiti, peint \u00e0 la main de l&rsquo;int\u00e9rieur et un peu scell\u00e9.<\/p>\n<p>&nbsp;<\/p>\n","protected":false},"featured_media":20518,"template":"","meta":{"iawp_total_views":0},"product_brand":[],"product_cat":[272,291,283],"product_tag":[],"class_list":{"0":"post-20511","1":"product","2":"type-product","3":"status-publish","4":"has-post-thumbnail","6":"product_cat-accessoires","7":"product_cat-outlet-fr","8":"product_cat-toutes-sortes-de-choses","10":"first","11":"instock","12":"sale","13":"purchasable","14":"product-type-simple"},"_links":{"self":[{"href":"https:\/\/anonuem.eu\/fr\/wp-json\/wp\/v2\/product\/20511","targetHints":{"allow":["GET"]}}],"collection":[{"href":"https:\/\/anonuem.eu\/fr\/wp-json\/wp\/v2\/product"}],"about":[{"href":"https:\/\/anonuem.eu\/fr\/wp-json\/wp\/v2\/types\/product"}],"version-history":[{"count":0,"href":"https:\/\/anonuem.eu\/fr\/wp-json\/wp\/v2\/product\/20511\/revisions"}],"wp:featuredmedia":[{"embeddable":true,"href":"https:\/\/anonuem.eu\/fr\/wp-json\/wp\/v2\/media\/20518"}],"wp:attachment":[{"href":"https:\/\/anonuem.eu\/fr\/wp-json\/wp\/v2\/media?parent=20511"}],"wp:term":[{"taxonomy":"product_brand","embeddable":true,"href":"https:\/\/anonuem.eu\/fr\/wp-json\/wp\/v2\/product_brand?post=20511"},{"taxonomy":"product_cat","embeddable":true,"href":"https:\/\/anonuem.eu\/fr\/wp-json\/wp\/v2\/product_cat?post=20511"},{"taxonomy":"product_tag","embeddable":true,"href":"https:\/\/anonuem.eu\/fr\/wp-json\/wp\/v2\/product_tag?post=20511"}],"curies":[{"name":"wp","href":"https:\/\/api.w.org\/{rel}","templated":true}]}}