{"id":20514,"date":"2023-12-30T23:30:28","date_gmt":"2023-12-30T21:30:28","guid":{"rendered":"http:\/\/anonuem.eu.w01eeaad.kasserver.com\/produkt\/graffiti-etui-pour-telephone-portable-samsung-galaxy-s10-2\/"},"modified":"2023-12-30T23:30:28","modified_gmt":"2023-12-30T21:30:28","slug":"graffiti-etui-pour-telephone-portable-samsung-galaxy-s10-2","status":"publish","type":"product","link":"https:\/\/anonuem.eu\/fr\/produkt\/graffiti-etui-pour-telephone-portable-samsung-galaxy-s10-2\/","title":{"rendered":"Graffiti \u00c9tui pour t\u00e9l\u00e9phone portable Samsung Galaxy S10"},"content":{"rendered":"","protected":false},"excerpt":{"rendered":"<p>\u00c9tui pour t\u00e9l\u00e9phone portable Graffiti, peint \u00e0 la main de l&rsquo;int\u00e9rieur et un peu scell\u00e9.<\/p>\n<p>&nbsp;<\/p>\n","protected":false},"featured_media":20520,"template":"","meta":{"iawp_total_views":0},"product_brand":[],"product_cat":[272,291,283],"product_tag":[],"class_list":{"0":"post-20514","1":"product","2":"type-product","3":"status-publish","4":"has-post-thumbnail","6":"product_cat-accessoires","7":"product_cat-outlet-fr","8":"product_cat-toutes-sortes-de-choses","10":"first","11":"instock","12":"sale","13":"purchasable","14":"product-type-simple"},"_links":{"self":[{"href":"https:\/\/anonuem.eu\/fr\/wp-json\/wp\/v2\/product\/20514","targetHints":{"allow":["GET"]}}],"collection":[{"href":"https:\/\/anonuem.eu\/fr\/wp-json\/wp\/v2\/product"}],"about":[{"href":"https:\/\/anonuem.eu\/fr\/wp-json\/wp\/v2\/types\/product"}],"version-history":[{"count":0,"href":"https:\/\/anonuem.eu\/fr\/wp-json\/wp\/v2\/product\/20514\/revisions"}],"wp:featuredmedia":[{"embeddable":true,"href":"https:\/\/anonuem.eu\/fr\/wp-json\/wp\/v2\/media\/20520"}],"wp:attachment":[{"href":"https:\/\/anonuem.eu\/fr\/wp-json\/wp\/v2\/media?parent=20514"}],"wp:term":[{"taxonomy":"product_brand","embeddable":true,"href":"https:\/\/anonuem.eu\/fr\/wp-json\/wp\/v2\/product_brand?post=20514"},{"taxonomy":"product_cat","embeddable":true,"href":"https:\/\/anonuem.eu\/fr\/wp-json\/wp\/v2\/product_cat?post=20514"},{"taxonomy":"product_tag","embeddable":true,"href":"https:\/\/anonuem.eu\/fr\/wp-json\/wp\/v2\/product_tag?post=20514"}],"curies":[{"name":"wp","href":"https:\/\/api.w.org\/{rel}","templated":true}]}}