{"id":22158,"date":"2024-08-08T17:37:21","date_gmt":"2024-08-08T15:37:21","guid":{"rendered":"http:\/\/anonuem.eu.w01eeaad.kasserver.com\/?post_type=product&#038;p=22158"},"modified":"2026-02-03T12:02:39","modified_gmt":"2026-02-03T10:02:39","slug":"veste-de-survetement-casual-noir-kopie","status":"publish","type":"product","link":"https:\/\/anonuem.eu\/fr\/produkt\/veste-de-survetement-casual-noir-kopie\/","title":{"rendered":"Veste de surv\u00eatement Casual Navy"},"content":{"rendered":"","protected":false},"excerpt":{"rendered":"<p><strong>ATTENTION : VEUILLEZ CHOISIR UNE NOUVELLE TAILLE PLUS GRANDE ! JE SUIS TR\u00c8S SATISFAITE DE LA QUALIT\u00c9 DE CE PRODUIT.  <\/strong><b>D\u00c9FINITIVEMENT UNE NUM\u00c9ROT\u00c9 PLUS GRANDE !<\/b><\/p>\n<p><strong>Indication du mat\u00e9riau :<\/strong><\/p>\n<ul>\n<li>210 g\/m\u00b2 (en anglais)<\/li>\n<li>100 % polyester tricot\u00e9<\/li>\n<li>2 poches lat\u00e9rales zipp\u00e9es<\/li>\n<li>Coupe moderne et pr\u00e8s du corps<\/li>\n<li>Patch brod\u00e9<\/li>\n<li>Dossier de broderie<\/li>\n<\/ul>\n<p>Notre mod\u00e8le mesure 1,87 m, p\u00e8se 89 kg et porte une taille L.<\/p>\n","protected":false},"featured_media":22207,"template":"","meta":{"iawp_total_views":0},"product_brand":[],"product_cat":[273,291,280],"product_tag":[],"class_list":{"0":"post-22158","1":"product","2":"type-product","3":"status-publish","4":"has-post-thumbnail","6":"product_cat-hommes","7":"product_cat-outlet-fr","8":"product_cat-vestes","10":"first","11":"outofstock","12":"sale","13":"purchasable","14":"product-type-variable"},"_links":{"self":[{"href":"https:\/\/anonuem.eu\/fr\/wp-json\/wp\/v2\/product\/22158","targetHints":{"allow":["GET"]}}],"collection":[{"href":"https:\/\/anonuem.eu\/fr\/wp-json\/wp\/v2\/product"}],"about":[{"href":"https:\/\/anonuem.eu\/fr\/wp-json\/wp\/v2\/types\/product"}],"version-history":[{"count":3,"href":"https:\/\/anonuem.eu\/fr\/wp-json\/wp\/v2\/product\/22158\/revisions"}],"predecessor-version":[{"id":24046,"href":"https:\/\/anonuem.eu\/fr\/wp-json\/wp\/v2\/product\/22158\/revisions\/24046"}],"wp:featuredmedia":[{"embeddable":true,"href":"https:\/\/anonuem.eu\/fr\/wp-json\/wp\/v2\/media\/22207"}],"wp:attachment":[{"href":"https:\/\/anonuem.eu\/fr\/wp-json\/wp\/v2\/media?parent=22158"}],"wp:term":[{"taxonomy":"product_brand","embeddable":true,"href":"https:\/\/anonuem.eu\/fr\/wp-json\/wp\/v2\/product_brand?post=22158"},{"taxonomy":"product_cat","embeddable":true,"href":"https:\/\/anonuem.eu\/fr\/wp-json\/wp\/v2\/product_cat?post=22158"},{"taxonomy":"product_tag","embeddable":true,"href":"https:\/\/anonuem.eu\/fr\/wp-json\/wp\/v2\/product_tag?post=22158"}],"curies":[{"name":"wp","href":"https:\/\/api.w.org\/{rel}","templated":true}]}}