{"id":22846,"date":"2024-11-08T19:22:24","date_gmt":"2024-11-08T17:22:24","guid":{"rendered":"https:\/\/anonuem.eu\/produkt\/demi-zip-en-laine-polaire\/"},"modified":"2025-03-07T14:19:07","modified_gmt":"2025-03-07T12:19:07","slug":"demi-zip-en-laine-polaire","status":"publish","type":"product","link":"https:\/\/anonuem.eu\/fr\/produkt\/demi-zip-en-laine-polaire\/","title":{"rendered":"Demi-zip en laine polaire"},"content":{"rendered":"","protected":false},"excerpt":{"rendered":"<p><strong>Indication du mat\u00e9riau :<\/strong><\/p>\n<ul>\n<li>320 g\/m<\/li>\n<li>100 % polyester recycl\u00e9 post-consommation<\/li>\n<li>Coupe droite<\/li>\n<li>1\u00d71 tricot c\u00f4tel\u00e9 \u00e0 l&rsquo;encolure<\/li>\n<li>Devant 2 poches zipp\u00e9es passepoil\u00e9es en Taslan<\/li>\n<li>1 poche poitrine arrondie en Taslan sur le c\u00f4t\u00e9 droit<\/li>\n<li>Logo brod\u00e9 sur la poitrine<\/li>\n<li>Logo de la marque en haut \u00e0 droite<\/li>\n<\/ul>\n<p>Le mod\u00e8le porte un M 184cm et 90kg !<\/p>\n<div><\/div>\n","protected":false},"featured_media":22820,"template":"","meta":{"iawp_total_views":0},"product_brand":[],"product_cat":[273,291,298],"product_tag":[],"class_list":{"0":"post-22846","1":"product","2":"type-product","3":"status-publish","4":"has-post-thumbnail","6":"product_cat-hommes","7":"product_cat-outlet-fr","8":"product_cat-pull-over","10":"first","11":"outofstock","12":"purchasable","13":"product-type-variable"},"_links":{"self":[{"href":"https:\/\/anonuem.eu\/fr\/wp-json\/wp\/v2\/product\/22846","targetHints":{"allow":["GET"]}}],"collection":[{"href":"https:\/\/anonuem.eu\/fr\/wp-json\/wp\/v2\/product"}],"about":[{"href":"https:\/\/anonuem.eu\/fr\/wp-json\/wp\/v2\/types\/product"}],"version-history":[{"count":1,"href":"https:\/\/anonuem.eu\/fr\/wp-json\/wp\/v2\/product\/22846\/revisions"}],"predecessor-version":[{"id":22983,"href":"https:\/\/anonuem.eu\/fr\/wp-json\/wp\/v2\/product\/22846\/revisions\/22983"}],"wp:featuredmedia":[{"embeddable":true,"href":"https:\/\/anonuem.eu\/fr\/wp-json\/wp\/v2\/media\/22820"}],"wp:attachment":[{"href":"https:\/\/anonuem.eu\/fr\/wp-json\/wp\/v2\/media?parent=22846"}],"wp:term":[{"taxonomy":"product_brand","embeddable":true,"href":"https:\/\/anonuem.eu\/fr\/wp-json\/wp\/v2\/product_brand?post=22846"},{"taxonomy":"product_cat","embeddable":true,"href":"https:\/\/anonuem.eu\/fr\/wp-json\/wp\/v2\/product_cat?post=22846"},{"taxonomy":"product_tag","embeddable":true,"href":"https:\/\/anonuem.eu\/fr\/wp-json\/wp\/v2\/product_tag?post=22846"}],"curies":[{"name":"wp","href":"https:\/\/api.w.org\/{rel}","templated":true}]}}