{"id":24337,"date":"2025-03-27T11:54:14","date_gmt":"2025-03-27T09:54:14","guid":{"rendered":"https:\/\/anonuem.eu\/produkt\/nylon-classic-bomber\/"},"modified":"2026-01-30T09:44:23","modified_gmt":"2026-01-30T07:44:23","slug":"nylon-classic-bomber","status":"publish","type":"product","link":"https:\/\/anonuem.eu\/fr\/produkt\/nylon-classic-bomber\/","title":{"rendered":"Nylon Classic Bomber"},"content":{"rendered":"","protected":false},"excerpt":{"rendered":"<p><strong>Indication du mat\u00e9riau :<\/strong><\/p>\n<ul>\n<li>78 g\/m<\/li>\n<li>100 % polyester, Terlyne<\/li>\n<li>Bords c\u00f4tes \u00e0 l&rsquo;ourlet et \u00e0 l&rsquo;ouverture des manches<\/li>\n<li>Style bombers \u00e0 la mode<\/li>\n<li>Patch frontal<\/li>\n<\/ul>\n","protected":false},"featured_media":24228,"template":"","meta":{"iawp_total_views":0},"product_brand":[],"product_cat":[273,291,280],"product_tag":[],"class_list":{"0":"post-24337","1":"product","2":"type-product","3":"status-publish","4":"has-post-thumbnail","6":"product_cat-hommes","7":"product_cat-outlet-fr","8":"product_cat-vestes","10":"first","11":"instock","12":"sale","13":"taxable","14":"shipping-taxable","15":"purchasable","16":"product-type-variable"},"_links":{"self":[{"href":"https:\/\/anonuem.eu\/fr\/wp-json\/wp\/v2\/product\/24337","targetHints":{"allow":["GET"]}}],"collection":[{"href":"https:\/\/anonuem.eu\/fr\/wp-json\/wp\/v2\/product"}],"about":[{"href":"https:\/\/anonuem.eu\/fr\/wp-json\/wp\/v2\/types\/product"}],"version-history":[{"count":1,"href":"https:\/\/anonuem.eu\/fr\/wp-json\/wp\/v2\/product\/24337\/revisions"}],"predecessor-version":[{"id":26838,"href":"https:\/\/anonuem.eu\/fr\/wp-json\/wp\/v2\/product\/24337\/revisions\/26838"}],"wp:featuredmedia":[{"embeddable":true,"href":"https:\/\/anonuem.eu\/fr\/wp-json\/wp\/v2\/media\/24228"}],"wp:attachment":[{"href":"https:\/\/anonuem.eu\/fr\/wp-json\/wp\/v2\/media?parent=24337"}],"wp:term":[{"taxonomy":"product_brand","embeddable":true,"href":"https:\/\/anonuem.eu\/fr\/wp-json\/wp\/v2\/product_brand?post=24337"},{"taxonomy":"product_cat","embeddable":true,"href":"https:\/\/anonuem.eu\/fr\/wp-json\/wp\/v2\/product_cat?post=24337"},{"taxonomy":"product_tag","embeddable":true,"href":"https:\/\/anonuem.eu\/fr\/wp-json\/wp\/v2\/product_tag?post=24337"}],"curies":[{"name":"wp","href":"https:\/\/api.w.org\/{rel}","templated":true}]}}