{"id":24364,"date":"2025-03-27T12:11:37","date_gmt":"2025-03-27T10:11:37","guid":{"rendered":"https:\/\/anonuem.eu\/produkt\/veste-de-transition-classique\/"},"modified":"2026-01-30T09:44:49","modified_gmt":"2026-01-30T07:44:49","slug":"veste-de-transition-classique","status":"publish","type":"product","link":"https:\/\/anonuem.eu\/fr\/produkt\/veste-de-transition-classique\/","title":{"rendered":"Veste de transition classique"},"content":{"rendered":"","protected":false},"excerpt":{"rendered":"<p><strong>Indication du mat\u00e9riau :<\/strong><\/p>\n<ul>\n<li>290 g\/m<\/li>\n<li>100% polyester. Rembourrage : 100% polyester, toucher plume<\/li>\n<li>R\u00e9sistant au vent et \u00e0 l&rsquo;eau<\/li>\n<li>Style bombers \u00e0 la mode<\/li>\n<li>Patch frontal<\/li>\n<li>Fermeture \u00e0 glissi\u00e8re sur toute la longueur avec protection du menton ton sur ton et puller<\/li>\n<li>Deux poches lat\u00e9rales avec fermeture \u00e0 glissi\u00e8re<\/li>\n<li>Patch frontal<\/li>\n<li>B\u00e2ton arri\u00e8re<\/li>\n<\/ul>\n","protected":false},"featured_media":24325,"template":"","meta":{"iawp_total_views":0},"product_brand":[],"product_cat":[273,291,280],"product_tag":[],"class_list":{"0":"post-24364","1":"product","2":"type-product","3":"status-publish","4":"has-post-thumbnail","6":"product_cat-hommes","7":"product_cat-outlet-fr","8":"product_cat-vestes","10":"first","11":"instock","12":"taxable","13":"shipping-taxable","14":"purchasable","15":"product-type-variable","16":"has-default-attributes"},"_links":{"self":[{"href":"https:\/\/anonuem.eu\/fr\/wp-json\/wp\/v2\/product\/24364","targetHints":{"allow":["GET"]}}],"collection":[{"href":"https:\/\/anonuem.eu\/fr\/wp-json\/wp\/v2\/product"}],"about":[{"href":"https:\/\/anonuem.eu\/fr\/wp-json\/wp\/v2\/types\/product"}],"version-history":[{"count":1,"href":"https:\/\/anonuem.eu\/fr\/wp-json\/wp\/v2\/product\/24364\/revisions"}],"predecessor-version":[{"id":26834,"href":"https:\/\/anonuem.eu\/fr\/wp-json\/wp\/v2\/product\/24364\/revisions\/26834"}],"wp:featuredmedia":[{"embeddable":true,"href":"https:\/\/anonuem.eu\/fr\/wp-json\/wp\/v2\/media\/24325"}],"wp:attachment":[{"href":"https:\/\/anonuem.eu\/fr\/wp-json\/wp\/v2\/media?parent=24364"}],"wp:term":[{"taxonomy":"product_brand","embeddable":true,"href":"https:\/\/anonuem.eu\/fr\/wp-json\/wp\/v2\/product_brand?post=24364"},{"taxonomy":"product_cat","embeddable":true,"href":"https:\/\/anonuem.eu\/fr\/wp-json\/wp\/v2\/product_cat?post=24364"},{"taxonomy":"product_tag","embeddable":true,"href":"https:\/\/anonuem.eu\/fr\/wp-json\/wp\/v2\/product_tag?post=24364"}],"curies":[{"name":"wp","href":"https:\/\/api.w.org\/{rel}","templated":true}]}}