{"id":19394,"date":"2023-05-19T08:46:16","date_gmt":"2023-05-19T06:46:16","guid":{"rendered":"http:\/\/anonuem.eu.w01eeaad.kasserver.com\/impronta\/"},"modified":"2024-06-21T19:52:21","modified_gmt":"2024-06-21T17:52:21","slug":"impronta","status":"publish","type":"page","link":"https:\/\/anonuem.eu\/it\/impronta\/","title":{"rendered":"Impronta"},"content":{"rendered":"\t\t<div data-elementor-type=\"wp-page\" data-elementor-id=\"19394\" class=\"elementor elementor-19394 elementor-15634\" data-elementor-post-type=\"page\">\n\t\t\t\t\t\t<section class=\"wd-negative-gap elementor-section elementor-top-section elementor-element elementor-element-099d759 elementor-section-boxed elementor-section-height-default elementor-section-height-default\" data-id=\"099d759\" data-element_type=\"section\" data-e-type=\"section\">\n\t\t\t\t\t\t<div class=\"elementor-container elementor-column-gap-default\">\n\t\t\t\t\t<div class=\"elementor-column elementor-col-100 elementor-top-column elementor-element elementor-element-9f73cff\" data-id=\"9f73cff\" data-element_type=\"column\" data-e-type=\"column\">\n\t\t\t<div class=\"elementor-widget-wrap elementor-element-populated\">\n\t\t\t\t\t\t<div class=\"elementor-element elementor-element-78bf38b color-scheme-inherit text-left elementor-widget elementor-widget-text-editor\" data-id=\"78bf38b\" data-element_type=\"widget\" data-e-type=\"widget\" data-widget_type=\"text-editor.default\">\n\t\t\t\t<div class=\"elementor-widget-container\">\n\t\t\t\t\t\t\t\t\t<p><strong>IMPRONTA<\/strong><\/p>\n<p>Informazioni ai sensi del \u00a7 5 TMG:<\/p>\n<p>Indirizzo di contatto<br>Anonuem<br>Kreuzstrasse 22<br>CH-9100 Herisau<br>info@anonuem.net<\/p>\n<p><strong>Dichiarazione di non responsabilit\u00e0<\/strong><br>L&#8217;autore non si assume alcuna responsabilit\u00e0 in merito alla correttezza, all&#8217;accuratezza, all&#8217;attualit\u00e0, all&#8217;affidabilit\u00e0 e alla completezza delle informazioni.<br>Sono escluse le richieste di responsabilit\u00e0 nei confronti dell&#8217;autore per danni di natura materiale o immateriale derivanti dall&#8217;accesso, dall&#8217;uso o dal mancato uso delle informazioni pubblicate, dall&#8217;uso improprio della connessione o da guasti tecnici.<br>Tutte le offerte non sono vincolanti. L&#8217;autore si riserva espressamente il diritto di modificare, integrare o cancellare parti delle pagine o l&#8217;intera offerta senza preavviso o di interrompere temporaneamente o definitivamente la pubblicazione.<\/p>\n<p><strong>Responsabilit\u00e0 per i link<\/strong><br>I riferimenti e i link a siti web di terzi non rientrano nella nostra sfera di responsabilit\u00e0 e decliniamo ogni responsabilit\u00e0 per tali siti. L&#8217;accesso e l&#8217;utilizzo di tali siti web \u00e8 a rischio dell&#8217;utente.<\/p>\n<p><strong>Diritti d&#8217;autore<\/strong><br>I diritti d&#8217;autore e tutti gli altri diritti su contenuti, immagini, foto o altri file presenti sul sito appartengono esclusivamente a Benjamin Mix o ai titolari dei diritti specificamente indicati. Per la riproduzione di qualsiasi elemento \u00e8 necessario ottenere preventivamente il consenso scritto del titolare del copyright.<\/p>\n<p><strong>Protezione dei dati<\/strong><br>In base all&#8217;articolo 13 della Costituzione federale svizzera e alle disposizioni sulla protezione dei dati della Confederazione svizzera (legge sulla protezione dei dati, DSG), ogni persona ha il diritto di proteggere la propria privacy e di essere tutelata contro l&#8217;uso improprio dei propri dati personali. Ci atteniamo a queste disposizioni. I dati personali sono trattati in modo strettamente confidenziale e non vengono venduti o ceduti a terzi.<br>In stretta collaborazione con i nostri fornitori di hosting, cerchiamo di proteggere al meglio i database da accessi non autorizzati, perdita, uso improprio o falsificazione.<br>Quando si accede al nostro sito web, i seguenti dati vengono memorizzati nei file di log: Indirizzo IP, data, ora, richiesta del browser e dati generali. ha trasmesso informazioni sul sistema operativo. Browser. Questi dati di utilizzo costituiscono la base per analisi statistiche e anonime, in modo da individuare le tendenze che possiamo utilizzare per migliorare di conseguenza le nostre offerte.<\/p>\t\t\t\t\t\t\t\t<\/div>\n\t\t\t\t<\/div>\n\t\t\t\t\t<\/div>\n\t\t<\/div>\n\t\t\t\t\t<\/div>\n\t\t<\/section>\n\t\t\t\t<section class=\"wd-negative-gap elementor-section elementor-top-section elementor-element elementor-element-77c954f elementor-section-boxed elementor-section-height-default elementor-section-height-default\" data-id=\"77c954f\" data-element_type=\"section\" data-e-type=\"section\">\n\t\t\t\t\t\t<div class=\"elementor-container elementor-column-gap-default\">\n\t\t\t\t\t<div class=\"elementor-column elementor-col-100 elementor-top-column elementor-element elementor-element-fb37d5c\" data-id=\"fb37d5c\" data-element_type=\"column\" data-e-type=\"column\">\n\t\t\t<div class=\"elementor-widget-wrap elementor-element-populated\">\n\t\t\t\t\t\t<div class=\"elementor-element elementor-element-9566dab elementor-widget elementor-widget-spacer\" data-id=\"9566dab\" data-element_type=\"widget\" data-e-type=\"widget\" data-widget_type=\"spacer.default\">\n\t\t\t\t<div class=\"elementor-widget-container\">\n\t\t\t\t\t\t\t<div class=\"elementor-spacer\">\n\t\t\t<div class=\"elementor-spacer-inner\"><\/div>\n\t\t<\/div>\n\t\t\t\t\t\t<\/div>\n\t\t\t\t<\/div>\n\t\t\t\t\t<\/div>\n\t\t<\/div>\n\t\t\t\t\t<\/div>\n\t\t<\/section>\n\t\t\t\t<section class=\"wd-negative-gap elementor-section elementor-top-section elementor-element elementor-element-1d3011de elementor-section-boxed elementor-section-height-default elementor-section-height-default\" data-id=\"1d3011de\" data-element_type=\"section\" data-e-type=\"section\">\n\t\t\t\t\t\t<div class=\"elementor-container elementor-column-gap-default\">\n\t\t\t\t\t<div class=\"elementor-column elementor-col-100 elementor-top-column elementor-element elementor-element-606fee97\" data-id=\"606fee97\" data-element_type=\"column\" data-e-type=\"column\">\n\t\t\t<div class=\"elementor-widget-wrap elementor-element-populated\">\n\t\t\t\t\t\t<div class=\"elementor-element elementor-element-aa0759b color-scheme-inherit text-left elementor-widget elementor-widget-text-editor\" data-id=\"aa0759b\" data-element_type=\"widget\" data-e-type=\"widget\" data-widget_type=\"text-editor.default\">\n\t\t\t\t<div class=\"elementor-widget-container\">\n\t\t\t\t\t\t\t\t\t<h3>Risoluzione alternativa delle controversie ai sensi dell&#8217;art. 14, comma 1, lettera a). 1 ODR-VO e \u00a7 36 VSBG:<\/h3>\n<p>La Commissione europea mette a disposizione una piattaforma per la risoluzione delle controversie online (OS), che si trova all&#8217;indirizzo <a href=\"https:\/\/ec.europa.eu\/consumers\/odr\" target=\"_blank\" rel=\"noopener\">https:\/\/ec.europa.eu\/consumers\/odr.<\/a>  Non siamo obbligati o disposti a partecipare a procedure di risoluzione delle controversie davanti a un collegio arbitrale dei consumatori.<\/p>\n\t\t\t\t\t\t\t\t<\/div>\n\t\t\t\t<\/div>\n\t\t\t\t\t<\/div>\n\t\t<\/div>\n\t\t\t\t\t<\/div>\n\t\t<\/section>\n\t\t\t\t<\/div>\n\t\t","protected":false},"excerpt":{"rendered":"<p>IMPRONTA Informazioni ai sensi del \u00a7 5 TMG: Indirizzo di contattoAnonuemKreuzstrasse 22CH-9100 Herisauinfo@anonuem.net Dichiarazione di non responsabilit\u00e0L&#8217;autore non si assume<\/p>\n","protected":false},"author":2,"featured_media":0,"parent":0,"menu_order":0,"comment_status":"closed","ping_status":"closed","template":"","meta":{"iawp_total_views":0,"footnotes":""},"class_list":["post-19394","page","type-page","status-publish","hentry"],"_links":{"self":[{"href":"https:\/\/anonuem.eu\/it\/wp-json\/wp\/v2\/pages\/19394","targetHints":{"allow":["GET"]}}],"collection":[{"href":"https:\/\/anonuem.eu\/it\/wp-json\/wp\/v2\/pages"}],"about":[{"href":"https:\/\/anonuem.eu\/it\/wp-json\/wp\/v2\/types\/page"}],"author":[{"embeddable":true,"href":"https:\/\/anonuem.eu\/it\/wp-json\/wp\/v2\/users\/2"}],"replies":[{"embeddable":true,"href":"https:\/\/anonuem.eu\/it\/wp-json\/wp\/v2\/comments?post=19394"}],"version-history":[{"count":3,"href":"https:\/\/anonuem.eu\/it\/wp-json\/wp\/v2\/pages\/19394\/revisions"}],"predecessor-version":[{"id":21835,"href":"https:\/\/anonuem.eu\/it\/wp-json\/wp\/v2\/pages\/19394\/revisions\/21835"}],"wp:attachment":[{"href":"https:\/\/anonuem.eu\/it\/wp-json\/wp\/v2\/media?parent=19394"}],"curies":[{"name":"wp","href":"https:\/\/api.w.org\/{rel}","templated":true}]}}