{"id":19869,"date":"2023-09-24T19:44:34","date_gmt":"2023-09-24T17:44:34","guid":{"rendered":"http:\/\/anonuem.eu.w01eeaad.kasserver.com\/produkt\/ciao-il-mio-nome-e-anonuem-felpa-con-cappuccio\/"},"modified":"2024-04-27T21:20:25","modified_gmt":"2024-04-27T19:20:25","slug":"ciao-il-mio-nome-e-anonuem-felpa-con-cappuccio","status":"publish","type":"product","link":"https:\/\/anonuem.eu\/it\/produkt\/ciao-il-mio-nome-e-anonuem-felpa-con-cappuccio\/","title":{"rendered":"Ciao, il mio nome \u00e8 ANONUEM Felpa con cappuccio"},"content":{"rendered":"","protected":false},"excerpt":{"rendered":"<p><strong>Vestibilit\u00e0 stretta, per chi ama la scioltezza una taglia in pi\u00f9.<\/strong><\/p>\n<p><strong>Specifiche del materiale:<\/strong><\/p>\n<ul>\n<li>350 g\/m\u00b2<\/li>\n<li>85% cotone organico, 15% poliestere riciclato<\/li>\n<li>Manicotti a incastro<\/li>\n<li>Cappuccio con fodera a contrasto<\/li>\n<li>Cordoncino rotondo dello stesso colore, estremit\u00e0 del cordoncino in metallo<\/li>\n<li>Occhielli in metallo<\/li>\n<li>Fascia da collo con motivo a spina di pesce<\/li>\n<li>Mezzaluna decentrata sul collo<\/li>\n<li>Impunture semplici alla scollatura e lungo il cappuccio<\/li>\n<li>Maglia a coste 1&#215;1 all&#8217;estremit\u00e0 delle maniche e all&#8217;orlo inferiore<\/li>\n<li>Doppie impunture su polsini, estremit\u00e0 delle maniche e orlo inferiore<\/li>\n<li>Tasca a canguro<\/li>\n<li>Serigrafia multicolore sul davanti<\/li>\n<li>Etichetta sulla borsa di canguro<\/li>\n<\/ul>\n<p>Il nostro modello \u00e8 alto 1,87 M, pesa 89 kg e indossa una M<\/p>\n","protected":false},"featured_media":19939,"template":"","meta":{"iawp_total_views":8},"product_brand":[],"product_cat":[279,276,296],"product_tag":[],"class_list":{"0":"post-19869","1":"product","2":"type-product","3":"status-publish","4":"has-post-thumbnail","6":"product_cat-ponticello","7":"product_cat-uomini","8":"product_cat-uscita","10":"first","11":"instock","12":"sale","13":"purchasable","14":"product-type-variable"},"_links":{"self":[{"href":"https:\/\/anonuem.eu\/it\/wp-json\/wp\/v2\/product\/19869","targetHints":{"allow":["GET"]}}],"collection":[{"href":"https:\/\/anonuem.eu\/it\/wp-json\/wp\/v2\/product"}],"about":[{"href":"https:\/\/anonuem.eu\/it\/wp-json\/wp\/v2\/types\/product"}],"version-history":[{"count":1,"href":"https:\/\/anonuem.eu\/it\/wp-json\/wp\/v2\/product\/19869\/revisions"}],"predecessor-version":[{"id":20592,"href":"https:\/\/anonuem.eu\/it\/wp-json\/wp\/v2\/product\/19869\/revisions\/20592"}],"wp:featuredmedia":[{"embeddable":true,"href":"https:\/\/anonuem.eu\/it\/wp-json\/wp\/v2\/media\/19939"}],"wp:attachment":[{"href":"https:\/\/anonuem.eu\/it\/wp-json\/wp\/v2\/media?parent=19869"}],"wp:term":[{"taxonomy":"product_brand","embeddable":true,"href":"https:\/\/anonuem.eu\/it\/wp-json\/wp\/v2\/product_brand?post=19869"},{"taxonomy":"product_cat","embeddable":true,"href":"https:\/\/anonuem.eu\/it\/wp-json\/wp\/v2\/product_cat?post=19869"},{"taxonomy":"product_tag","embeddable":true,"href":"https:\/\/anonuem.eu\/it\/wp-json\/wp\/v2\/product_tag?post=19869"}],"curies":[{"name":"wp","href":"https:\/\/api.w.org\/{rel}","templated":true}]}}